{"id":660,"date":"2024-06-17T16:29:15","date_gmt":"2024-06-17T14:29:15","guid":{"rendered":"http:\/\/local.boisdarlon.be:8888\/?page_id=660"},"modified":"2025-02-19T11:23:10","modified_gmt":"2025-02-19T10:23:10","slug":"partenaires","status":"publish","type":"page","link":"https:\/\/boisdarlon.be\/nl\/partenaires\/","title":{"rendered":"Partenaires traiteurs"},"content":{"rendered":"","protected":false},"excerpt":{"rendered":"","protected":false},"author":1,"featured_media":0,"parent":0,"menu_order":9,"comment_status":"closed","ping_status":"closed","template":"","meta":{"_acf_changed":false,"footnotes":""},"acf":[],"yoast_head":"<!-- This site is optimized with the Yoast SEO plugin v22.9 - https:\/\/yoast.com\/wordpress\/plugins\/seo\/ -->\n<title>Partenaires traiteurs - Bois d&#039;arlon<\/title>\n<meta name=\"description\" content=\"Vous organisez un \u00e9v\u00e9nement priv\u00e9 ou professionnel au Ch\u00e2teau du Domaine du Bois d&#039;Arlon? D\u00e9couvrez les partenaires - traiteurs avec lesquels nous collaborons.\" \/>\n<meta name=\"robots\" content=\"index, follow, max-snippet:-1, max-image-preview:large, max-video-preview:-1\" \/>\n<link rel=\"canonical\" href=\"https:\/\/boisdarlon.be\/nl\/partenaires\/\" \/>\n<meta property=\"og:locale\" content=\"nl_NL\" \/>\n<meta property=\"og:type\" content=\"article\" \/>\n<meta property=\"og:title\" content=\"Partenaires traiteurs - Bois d&#039;arlon\" \/>\n<meta property=\"og:description\" content=\"Vous organisez un \u00e9v\u00e9nement priv\u00e9 ou professionnel au Ch\u00e2teau du Domaine du Bois d&#039;Arlon? D\u00e9couvrez les partenaires - traiteurs avec lesquels nous collaborons.\" \/>\n<meta property=\"og:url\" content=\"https:\/\/boisdarlon.be\/nl\/partenaires\/\" \/>\n<meta property=\"og:site_name\" content=\"Bois d&#039;arlon\" \/>\n<meta property=\"article:publisher\" content=\"https:\/\/www.facebook.com\/domaineboisdarlon\/\" \/>\n<meta property=\"article:modified_time\" content=\"2025-02-19T10:23:10+00:00\" \/>\n<meta name=\"twitter:card\" content=\"summary_large_image\" \/>\n<script type=\"application\/ld+json\" class=\"yoast-schema-graph\">{\"@context\":\"https:\/\/schema.org\",\"@graph\":[{\"@type\":\"WebPage\",\"@id\":\"https:\/\/boisdarlon.be\/nl\/partenaires\/\",\"url\":\"https:\/\/boisdarlon.be\/nl\/partenaires\/\",\"name\":\"Partenaires traiteurs - Bois d&#039;arlon\",\"isPartOf\":{\"@id\":\"https:\/\/boisdarlon.be\/nl\/#website\"},\"datePublished\":\"2024-06-17T14:29:15+00:00\",\"dateModified\":\"2025-02-19T10:23:10+00:00\",\"description\":\"Vous organisez un \u00e9v\u00e9nement priv\u00e9 ou professionnel au Ch\u00e2teau du Domaine du Bois d'Arlon? D\u00e9couvrez les partenaires - traiteurs avec lesquels nous collaborons.\",\"breadcrumb\":{\"@id\":\"https:\/\/boisdarlon.be\/nl\/partenaires\/#breadcrumb\"},\"inLanguage\":\"nl-NL\",\"potentialAction\":[{\"@type\":\"ReadAction\",\"target\":[[\"https:\/\/boisdarlon.be\/nl\/partenaires\/\"]]}]},{\"@type\":\"BreadcrumbList\",\"@id\":\"https:\/\/boisdarlon.be\/nl\/partenaires\/#breadcrumb\",\"itemListElement\":[{\"@type\":\"ListItem\",\"position\":1,\"name\":\"Home\",\"item\":\"https:\/\/boisdarlon.be\/nl\/\"},{\"@type\":\"ListItem\",\"position\":2,\"name\":\"Partenaires traiteurs\"}]},{\"@type\":\"WebSite\",\"@id\":\"https:\/\/boisdarlon.be\/nl\/#website\",\"url\":\"https:\/\/boisdarlon.be\/nl\/\",\"name\":\"Domaine du Bois d'Arlon\",\"description\":\"Domaine du Bois d&#039;Arlon\",\"publisher\":{\"@id\":\"https:\/\/boisdarlon.be\/nl\/#organization\"},\"potentialAction\":[{\"@type\":\"SearchAction\",\"target\":{\"@type\":\"EntryPoint\",\"urlTemplate\":\"https:\/\/boisdarlon.be\/nl\/?s={search_term_string}\"},\"query-input\":\"required name=search_term_string\"}],\"inLanguage\":\"nl-NL\"},{\"@type\":\"Organization\",\"@id\":\"https:\/\/boisdarlon.be\/nl\/#organization\",\"name\":\"Domaine du Bois d'Arlon\",\"url\":\"https:\/\/boisdarlon.be\/nl\/\",\"logo\":{\"@type\":\"ImageObject\",\"inLanguage\":\"nl-NL\",\"@id\":\"https:\/\/boisdarlon.be\/nl\/#\/schema\/logo\/image\/\",\"url\":\"https:\/\/boisdarlon.be\/wp-content\/uploads\/2024\/06\/LOGO.svg\",\"contentUrl\":\"https:\/\/boisdarlon.be\/wp-content\/uploads\/2024\/06\/LOGO.svg\",\"width\":206,\"height\":70,\"caption\":\"Domaine du Bois d'Arlon\"},\"image\":{\"@id\":\"https:\/\/boisdarlon.be\/nl\/#\/schema\/logo\/image\/\"},\"sameAs\":[\"https:\/\/www.facebook.com\/domaineboisdarlon\/\",\"https:\/\/www.linkedin.com\/company\/boisdarlon\",\"https:\/\/www.instagram.com\/domaineduboisdarlon\/\"]}]}<\/script>\n<!-- \/ Yoast SEO plugin. -->","yoast_head_json":{"title":"Partenaires traiteurs - Bois d&#039;arlon","description":"Vous organisez un \u00e9v\u00e9nement priv\u00e9 ou professionnel au Ch\u00e2teau du Domaine du Bois d'Arlon? D\u00e9couvrez les partenaires - traiteurs avec lesquels nous collaborons.","robots":{"index":"index","follow":"follow","max-snippet":"max-snippet:-1","max-image-preview":"max-image-preview:large","max-video-preview":"max-video-preview:-1"},"canonical":"https:\/\/boisdarlon.be\/nl\/partenaires\/","og_locale":"nl_NL","og_type":"article","og_title":"Partenaires traiteurs - Bois d&#039;arlon","og_description":"Vous organisez un \u00e9v\u00e9nement priv\u00e9 ou professionnel au Ch\u00e2teau du Domaine du Bois d'Arlon? D\u00e9couvrez les partenaires - traiteurs avec lesquels nous collaborons.","og_url":"https:\/\/boisdarlon.be\/nl\/partenaires\/","og_site_name":"Bois d&#039;arlon","article_publisher":"https:\/\/www.facebook.com\/domaineboisdarlon\/","article_modified_time":"2025-02-19T10:23:10+00:00","twitter_card":"summary_large_image","schema":{"@context":"https:\/\/schema.org","@graph":[{"@type":"WebPage","@id":"https:\/\/boisdarlon.be\/nl\/partenaires\/","url":"https:\/\/boisdarlon.be\/nl\/partenaires\/","name":"Partenaires traiteurs - Bois d&#039;arlon","isPartOf":{"@id":"https:\/\/boisdarlon.be\/nl\/#website"},"datePublished":"2024-06-17T14:29:15+00:00","dateModified":"2025-02-19T10:23:10+00:00","description":"Vous organisez un \u00e9v\u00e9nement priv\u00e9 ou professionnel au Ch\u00e2teau du Domaine du Bois d'Arlon? D\u00e9couvrez les partenaires - traiteurs avec lesquels nous collaborons.","breadcrumb":{"@id":"https:\/\/boisdarlon.be\/nl\/partenaires\/#breadcrumb"},"inLanguage":"nl-NL","potentialAction":[{"@type":"ReadAction","target":[["https:\/\/boisdarlon.be\/nl\/partenaires\/"]]}]},{"@type":"BreadcrumbList","@id":"https:\/\/boisdarlon.be\/nl\/partenaires\/#breadcrumb","itemListElement":[{"@type":"ListItem","position":1,"name":"Home","item":"https:\/\/boisdarlon.be\/nl\/"},{"@type":"ListItem","position":2,"name":"Partenaires traiteurs"}]},{"@type":"WebSite","@id":"https:\/\/boisdarlon.be\/nl\/#website","url":"https:\/\/boisdarlon.be\/nl\/","name":"Domaine du Bois d'Arlon","description":"Domaine du Bois d&#039;Arlon","publisher":{"@id":"https:\/\/boisdarlon.be\/nl\/#organization"},"potentialAction":[{"@type":"SearchAction","target":{"@type":"EntryPoint","urlTemplate":"https:\/\/boisdarlon.be\/nl\/?s={search_term_string}"},"query-input":"required name=search_term_string"}],"inLanguage":"nl-NL"},{"@type":"Organization","@id":"https:\/\/boisdarlon.be\/nl\/#organization","name":"Domaine du Bois d'Arlon","url":"https:\/\/boisdarlon.be\/nl\/","logo":{"@type":"ImageObject","inLanguage":"nl-NL","@id":"https:\/\/boisdarlon.be\/nl\/#\/schema\/logo\/image\/","url":"https:\/\/boisdarlon.be\/wp-content\/uploads\/2024\/06\/LOGO.svg","contentUrl":"https:\/\/boisdarlon.be\/wp-content\/uploads\/2024\/06\/LOGO.svg","width":206,"height":70,"caption":"Domaine du Bois d'Arlon"},"image":{"@id":"https:\/\/boisdarlon.be\/nl\/#\/schema\/logo\/image\/"},"sameAs":["https:\/\/www.facebook.com\/domaineboisdarlon\/","https:\/\/www.linkedin.com\/company\/boisdarlon","https:\/\/www.instagram.com\/domaineduboisdarlon\/"]}]}},"_links":{"self":[{"href":"https:\/\/boisdarlon.be\/nl\/wp-json\/wp\/v2\/pages\/660"}],"collection":[{"href":"https:\/\/boisdarlon.be\/nl\/wp-json\/wp\/v2\/pages"}],"about":[{"href":"https:\/\/boisdarlon.be\/nl\/wp-json\/wp\/v2\/types\/page"}],"author":[{"embeddable":true,"href":"https:\/\/boisdarlon.be\/nl\/wp-json\/wp\/v2\/users\/1"}],"replies":[{"embeddable":true,"href":"https:\/\/boisdarlon.be\/nl\/wp-json\/wp\/v2\/comments?post=660"}],"version-history":[{"count":4,"href":"https:\/\/boisdarlon.be\/nl\/wp-json\/wp\/v2\/pages\/660\/revisions"}],"predecessor-version":[{"id":1092,"href":"https:\/\/boisdarlon.be\/nl\/wp-json\/wp\/v2\/pages\/660\/revisions\/1092"}],"wp:attachment":[{"href":"https:\/\/boisdarlon.be\/nl\/wp-json\/wp\/v2\/media?parent=660"}],"curies":[{"name":"wp","href":"https:\/\/api.w.org\/{rel}","templated":true}]}}