{"id":156,"date":"2024-05-14T12:12:53","date_gmt":"2024-05-14T10:12:53","guid":{"rendered":"http:\/\/local.boisdarlon.be:8888\/services-aux-membres\/"},"modified":"2025-12-16T16:07:55","modified_gmt":"2025-12-16T15:07:55","slug":"membres-adhesion","status":"publish","type":"page","link":"https:\/\/boisdarlon.be\/nl\/golf\/membres-adhesion\/","title":{"rendered":"Leden &#038; Club"},"content":{"rendered":"","protected":false},"excerpt":{"rendered":"","protected":false},"author":1,"featured_media":225,"parent":16,"menu_order":4,"comment_status":"closed","ping_status":"closed","template":"","meta":{"_acf_changed":false,"footnotes":""},"acf":[],"yoast_head":"<!-- This site is optimized with the Yoast SEO plugin v22.9 - https:\/\/yoast.com\/wordpress\/plugins\/seo\/ -->\n<title>Leden &amp; Club - Bois d&#039;arlon<\/title>\n<meta name=\"description\" content=\"Rejoignez le club de Golf du Bois d&#039;Arlon en adh\u00e9rent \u00e0 l&#039;une des cotisations propos\u00e9es pour devenir membre Silver ou Golf.\" \/>\n<meta name=\"robots\" content=\"index, follow, max-snippet:-1, max-image-preview:large, max-video-preview:-1\" \/>\n<link rel=\"canonical\" href=\"https:\/\/boisdarlon.be\/nl\/golf\/membres-adhesion\/\" \/>\n<meta property=\"og:locale\" content=\"nl_NL\" \/>\n<meta property=\"og:type\" content=\"article\" \/>\n<meta property=\"og:title\" content=\"Leden &amp; Club - Bois d&#039;arlon\" \/>\n<meta property=\"og:description\" content=\"Rejoignez le club de Golf du Bois d&#039;Arlon en adh\u00e9rent \u00e0 l&#039;une des cotisations propos\u00e9es pour devenir membre Silver ou Golf.\" \/>\n<meta property=\"og:url\" content=\"https:\/\/boisdarlon.be\/nl\/golf\/membres-adhesion\/\" \/>\n<meta property=\"og:site_name\" content=\"Bois d&#039;arlon\" \/>\n<meta property=\"article:publisher\" content=\"https:\/\/www.facebook.com\/domaineboisdarlon\/\" \/>\n<meta property=\"article:modified_time\" content=\"2025-12-16T15:07:55+00:00\" \/>\n<meta property=\"og:image\" content=\"https:\/\/boisdarlon.be\/wp-content\/uploads\/2024\/05\/89216fc99bd9891a3b303729f54ab5eb4310ab7e.jpg\" \/>\n\t<meta property=\"og:image:width\" content=\"1280\" \/>\n\t<meta property=\"og:image:height\" content=\"1920\" \/>\n\t<meta property=\"og:image:type\" content=\"image\/jpeg\" \/>\n<meta name=\"twitter:card\" content=\"summary_large_image\" \/>\n<meta name=\"twitter:label1\" content=\"Geschatte leestijd\" \/>\n\t<meta name=\"twitter:data1\" content=\"1 minuut\" \/>\n<script type=\"application\/ld+json\" class=\"yoast-schema-graph\">{\"@context\":\"https:\/\/schema.org\",\"@graph\":[{\"@type\":\"WebPage\",\"@id\":\"https:\/\/boisdarlon.be\/nl\/golf\/membres-adhesion\/\",\"url\":\"https:\/\/boisdarlon.be\/nl\/golf\/membres-adhesion\/\",\"name\":\"Leden & Club - Bois d&#039;arlon\",\"isPartOf\":{\"@id\":\"https:\/\/boisdarlon.be\/nl\/#website\"},\"primaryImageOfPage\":{\"@id\":\"https:\/\/boisdarlon.be\/nl\/golf\/membres-adhesion\/#primaryimage\"},\"image\":{\"@id\":\"https:\/\/boisdarlon.be\/golf\/membres-adhesion\/#primaryimage\"},\"thumbnailUrl\":\"https:\/\/boisdarlon.be\/wp-content\/uploads\/2024\/05\/89216fc99bd9891a3b303729f54ab5eb4310ab7e.jpg\",\"datePublished\":\"2024-05-14T10:12:53+00:00\",\"dateModified\":\"2025-12-16T15:07:55+00:00\",\"description\":\"Rejoignez le club de Golf du Bois d'Arlon en adh\u00e9rent \u00e0 l'une des cotisations propos\u00e9es pour devenir membre Silver ou Golf.\",\"breadcrumb\":{\"@id\":\"https:\/\/boisdarlon.be\/nl\/golf\/membres-adhesion\/#breadcrumb\"},\"inLanguage\":\"nl-NL\",\"potentialAction\":[{\"@type\":\"ReadAction\",\"target\":[[\"https:\/\/boisdarlon.be\/nl\/golf\/membres-adhesion\/\"]]}]},{\"@type\":\"ImageObject\",\"inLanguage\":\"nl-NL\",\"@id\":\"https:\/\/boisdarlon.be\/nl\/golf\/membres-adhesion\/#primaryimage\",\"url\":\"https:\/\/boisdarlon.be\/wp-content\/uploads\/2024\/05\/89216fc99bd9891a3b303729f54ab5eb4310ab7e.jpg\",\"contentUrl\":\"https:\/\/boisdarlon.be\/wp-content\/uploads\/2024\/05\/89216fc99bd9891a3b303729f54ab5eb4310ab7e.jpg\",\"width\":1280,\"height\":1920},{\"@type\":\"BreadcrumbList\",\"@id\":\"https:\/\/boisdarlon.be\/nl\/golf\/membres-adhesion\/#breadcrumb\",\"itemListElement\":[{\"@type\":\"ListItem\",\"position\":1,\"name\":\"Home\",\"item\":\"https:\/\/boisdarlon.be\/nl\/\"},{\"@type\":\"ListItem\",\"position\":2,\"name\":\"Golf\",\"item\":\"https:\/\/boisdarlon.be\/nl\/golf\/\"},{\"@type\":\"ListItem\",\"position\":3,\"name\":\"Adh\u00e9rents &#038; Club\"}]},{\"@type\":\"WebSite\",\"@id\":\"https:\/\/boisdarlon.be\/nl\/#website\",\"url\":\"https:\/\/boisdarlon.be\/nl\/\",\"name\":\"Domaine du Bois d'Arlon\",\"description\":\"Domaine du Bois d&#039;Arlon\",\"publisher\":{\"@id\":\"https:\/\/boisdarlon.be\/nl\/#organization\"},\"potentialAction\":[{\"@type\":\"SearchAction\",\"target\":{\"@type\":\"EntryPoint\",\"urlTemplate\":\"https:\/\/boisdarlon.be\/nl\/?s={search_term_string}\"},\"query-input\":\"required name=search_term_string\"}],\"inLanguage\":\"nl-NL\"},{\"@type\":\"Organization\",\"@id\":\"https:\/\/boisdarlon.be\/nl\/#organization\",\"name\":\"Domaine du Bois d'Arlon\",\"url\":\"https:\/\/boisdarlon.be\/nl\/\",\"logo\":{\"@type\":\"ImageObject\",\"inLanguage\":\"nl-NL\",\"@id\":\"https:\/\/boisdarlon.be\/nl\/#\/schema\/logo\/image\/\",\"url\":\"https:\/\/boisdarlon.be\/wp-content\/uploads\/2024\/06\/LOGO.svg\",\"contentUrl\":\"https:\/\/boisdarlon.be\/wp-content\/uploads\/2024\/06\/LOGO.svg\",\"width\":206,\"height\":70,\"caption\":\"Domaine du Bois d'Arlon\"},\"image\":{\"@id\":\"https:\/\/boisdarlon.be\/nl\/#\/schema\/logo\/image\/\"},\"sameAs\":[\"https:\/\/www.facebook.com\/domaineboisdarlon\/\",\"https:\/\/www.linkedin.com\/company\/boisdarlon\",\"https:\/\/www.instagram.com\/domaineduboisdarlon\/\"]}]}<\/script>\n<!-- \/ Yoast SEO plugin. -->","yoast_head_json":{"title":"Leden & Club - Bois d&#039;arlon","description":"Rejoignez le club de Golf du Bois d'Arlon en adh\u00e9rent \u00e0 l'une des cotisations propos\u00e9es pour devenir membre Silver ou Golf.","robots":{"index":"index","follow":"follow","max-snippet":"max-snippet:-1","max-image-preview":"max-image-preview:large","max-video-preview":"max-video-preview:-1"},"canonical":"https:\/\/boisdarlon.be\/nl\/golf\/membres-adhesion\/","og_locale":"nl_NL","og_type":"article","og_title":"Leden & Club - Bois d&#039;arlon","og_description":"Rejoignez le club de Golf du Bois d'Arlon en adh\u00e9rent \u00e0 l'une des cotisations propos\u00e9es pour devenir membre Silver ou Golf.","og_url":"https:\/\/boisdarlon.be\/nl\/golf\/membres-adhesion\/","og_site_name":"Bois d&#039;arlon","article_publisher":"https:\/\/www.facebook.com\/domaineboisdarlon\/","article_modified_time":"2025-12-16T15:07:55+00:00","og_image":[{"width":1280,"height":1920,"url":"https:\/\/boisdarlon.be\/wp-content\/uploads\/2024\/05\/89216fc99bd9891a3b303729f54ab5eb4310ab7e.jpg","type":"image\/jpeg"}],"twitter_card":"summary_large_image","twitter_misc":{"Geschatte leestijd":"1 minuut"},"schema":{"@context":"https:\/\/schema.org","@graph":[{"@type":"WebPage","@id":"https:\/\/boisdarlon.be\/nl\/golf\/membres-adhesion\/","url":"https:\/\/boisdarlon.be\/nl\/golf\/membres-adhesion\/","name":"Leden & Club - Bois d&#039;arlon","isPartOf":{"@id":"https:\/\/boisdarlon.be\/nl\/#website"},"primaryImageOfPage":{"@id":"https:\/\/boisdarlon.be\/nl\/golf\/membres-adhesion\/#primaryimage"},"image":{"@id":"https:\/\/boisdarlon.be\/golf\/membres-adhesion\/#primaryimage"},"thumbnailUrl":"https:\/\/boisdarlon.be\/wp-content\/uploads\/2024\/05\/89216fc99bd9891a3b303729f54ab5eb4310ab7e.jpg","datePublished":"2024-05-14T10:12:53+00:00","dateModified":"2025-12-16T15:07:55+00:00","description":"Rejoignez le club de Golf du Bois d'Arlon en adh\u00e9rent \u00e0 l'une des cotisations propos\u00e9es pour devenir membre Silver ou Golf.","breadcrumb":{"@id":"https:\/\/boisdarlon.be\/nl\/golf\/membres-adhesion\/#breadcrumb"},"inLanguage":"nl-NL","potentialAction":[{"@type":"ReadAction","target":[["https:\/\/boisdarlon.be\/nl\/golf\/membres-adhesion\/"]]}]},{"@type":"ImageObject","inLanguage":"nl-NL","@id":"https:\/\/boisdarlon.be\/nl\/golf\/membres-adhesion\/#primaryimage","url":"https:\/\/boisdarlon.be\/wp-content\/uploads\/2024\/05\/89216fc99bd9891a3b303729f54ab5eb4310ab7e.jpg","contentUrl":"https:\/\/boisdarlon.be\/wp-content\/uploads\/2024\/05\/89216fc99bd9891a3b303729f54ab5eb4310ab7e.jpg","width":1280,"height":1920},{"@type":"BreadcrumbList","@id":"https:\/\/boisdarlon.be\/nl\/golf\/membres-adhesion\/#breadcrumb","itemListElement":[{"@type":"ListItem","position":1,"name":"Home","item":"https:\/\/boisdarlon.be\/nl\/"},{"@type":"ListItem","position":2,"name":"Golf","item":"https:\/\/boisdarlon.be\/nl\/golf\/"},{"@type":"ListItem","position":3,"name":"Adh\u00e9rents &#038; Club"}]},{"@type":"WebSite","@id":"https:\/\/boisdarlon.be\/nl\/#website","url":"https:\/\/boisdarlon.be\/nl\/","name":"Domaine du Bois d'Arlon","description":"Domaine du Bois d&#039;Arlon","publisher":{"@id":"https:\/\/boisdarlon.be\/nl\/#organization"},"potentialAction":[{"@type":"SearchAction","target":{"@type":"EntryPoint","urlTemplate":"https:\/\/boisdarlon.be\/nl\/?s={search_term_string}"},"query-input":"required name=search_term_string"}],"inLanguage":"nl-NL"},{"@type":"Organization","@id":"https:\/\/boisdarlon.be\/nl\/#organization","name":"Domaine du Bois d'Arlon","url":"https:\/\/boisdarlon.be\/nl\/","logo":{"@type":"ImageObject","inLanguage":"nl-NL","@id":"https:\/\/boisdarlon.be\/nl\/#\/schema\/logo\/image\/","url":"https:\/\/boisdarlon.be\/wp-content\/uploads\/2024\/06\/LOGO.svg","contentUrl":"https:\/\/boisdarlon.be\/wp-content\/uploads\/2024\/06\/LOGO.svg","width":206,"height":70,"caption":"Domaine du Bois d'Arlon"},"image":{"@id":"https:\/\/boisdarlon.be\/nl\/#\/schema\/logo\/image\/"},"sameAs":["https:\/\/www.facebook.com\/domaineboisdarlon\/","https:\/\/www.linkedin.com\/company\/boisdarlon","https:\/\/www.instagram.com\/domaineduboisdarlon\/"]}]}},"_links":{"self":[{"href":"https:\/\/boisdarlon.be\/nl\/wp-json\/wp\/v2\/pages\/156"}],"collection":[{"href":"https:\/\/boisdarlon.be\/nl\/wp-json\/wp\/v2\/pages"}],"about":[{"href":"https:\/\/boisdarlon.be\/nl\/wp-json\/wp\/v2\/types\/page"}],"author":[{"embeddable":true,"href":"https:\/\/boisdarlon.be\/nl\/wp-json\/wp\/v2\/users\/1"}],"replies":[{"embeddable":true,"href":"https:\/\/boisdarlon.be\/nl\/wp-json\/wp\/v2\/comments?post=156"}],"version-history":[{"count":10,"href":"https:\/\/boisdarlon.be\/nl\/wp-json\/wp\/v2\/pages\/156\/revisions"}],"predecessor-version":[{"id":1895,"href":"https:\/\/boisdarlon.be\/nl\/wp-json\/wp\/v2\/pages\/156\/revisions\/1895"}],"up":[{"embeddable":true,"href":"https:\/\/boisdarlon.be\/nl\/wp-json\/wp\/v2\/pages\/16"}],"wp:featuredmedia":[{"embeddable":true,"href":"https:\/\/boisdarlon.be\/nl\/wp-json\/wp\/v2\/media\/225"}],"wp:attachment":[{"href":"https:\/\/boisdarlon.be\/nl\/wp-json\/wp\/v2\/media?parent=156"}],"curies":[{"name":"wp","href":"https:\/\/api.w.org\/{rel}","templated":true}]}}