{"id":15,"date":"2024-04-29T09:44:02","date_gmt":"2024-04-29T07:44:02","guid":{"rendered":"http:\/\/local.boisdarlon.be:8888\/le-chateau\/"},"modified":"2025-09-29T14:07:07","modified_gmt":"2025-09-29T12:07:07","slug":"chateau-evenements","status":"publish","type":"page","link":"https:\/\/boisdarlon.be\/en\/chateau-evenements\/","title":{"rendered":"Castle &#038; Events"},"content":{"rendered":"","protected":false},"excerpt":{"rendered":"","protected":false},"author":1,"featured_media":610,"parent":0,"menu_order":5,"comment_status":"closed","ping_status":"closed","template":"","meta":{"_acf_changed":false,"footnotes":""},"acf":[],"yoast_head":"<!-- This site is optimized with the Yoast SEO plugin v22.9 - https:\/\/yoast.com\/wordpress\/plugins\/seo\/ -->\n<title>Castle &amp; Events - Bois d&#039;arlon<\/title>\n<meta name=\"description\" content=\"D\u00e9couvrez le Ch\u00e2teau du Domaine du Bois d&#039;Arlon, un lieu de prestige unique en Belgique o\u00f9 organiser un \u00e9v\u00e9nement priv\u00e9 (mariage) ou professionnel.\" \/>\n<meta name=\"robots\" content=\"index, follow, max-snippet:-1, max-image-preview:large, max-video-preview:-1\" \/>\n<link rel=\"canonical\" href=\"https:\/\/boisdarlon.be\/en\/chateau-evenements\/\" \/>\n<meta property=\"og:locale\" content=\"en_US\" \/>\n<meta property=\"og:type\" content=\"article\" \/>\n<meta property=\"og:title\" content=\"Castle &amp; Events - Bois d&#039;arlon\" \/>\n<meta property=\"og:description\" content=\"D\u00e9couvrez le Ch\u00e2teau du Domaine du Bois d&#039;Arlon, un lieu de prestige unique en Belgique o\u00f9 organiser un \u00e9v\u00e9nement priv\u00e9 (mariage) ou professionnel.\" \/>\n<meta property=\"og:url\" content=\"https:\/\/boisdarlon.be\/en\/chateau-evenements\/\" \/>\n<meta property=\"og:site_name\" content=\"Bois d&#039;arlon\" \/>\n<meta property=\"article:publisher\" content=\"https:\/\/www.facebook.com\/domaineboisdarlon\/\" \/>\n<meta property=\"article:modified_time\" content=\"2025-09-29T12:07:07+00:00\" \/>\n<meta property=\"og:image\" content=\"https:\/\/boisdarlon.be\/wp-content\/uploads\/2024\/06\/HOTEL_08.jpg\" \/>\n\t<meta property=\"og:image:width\" content=\"1920\" \/>\n\t<meta property=\"og:image:height\" content=\"1079\" \/>\n\t<meta property=\"og:image:type\" content=\"image\/jpeg\" \/>\n<meta name=\"twitter:card\" content=\"summary_large_image\" \/>\n<meta name=\"twitter:label1\" content=\"Est. reading time\" \/>\n\t<meta name=\"twitter:data1\" content=\"1 minute\" \/>\n<script type=\"application\/ld+json\" class=\"yoast-schema-graph\">{\"@context\":\"https:\/\/schema.org\",\"@graph\":[{\"@type\":\"WebPage\",\"@id\":\"https:\/\/boisdarlon.be\/en\/chateau-evenements\/\",\"url\":\"https:\/\/boisdarlon.be\/en\/chateau-evenements\/\",\"name\":\"Castle & Events - Bois d&#039;arlon\",\"isPartOf\":{\"@id\":\"https:\/\/boisdarlon.be\/en\/#website\"},\"primaryImageOfPage\":{\"@id\":\"https:\/\/boisdarlon.be\/en\/chateau-evenements\/#primaryimage\"},\"image\":{\"@id\":\"https:\/\/boisdarlon.be\/chateau-evenements\/#primaryimage\"},\"thumbnailUrl\":\"https:\/\/boisdarlon.be\/wp-content\/uploads\/2024\/06\/HOTEL_08.jpg\",\"datePublished\":\"2024-04-29T07:44:02+00:00\",\"dateModified\":\"2025-09-29T12:07:07+00:00\",\"description\":\"D\u00e9couvrez le Ch\u00e2teau du Domaine du Bois d'Arlon, un lieu de prestige unique en Belgique o\u00f9 organiser un \u00e9v\u00e9nement priv\u00e9 (mariage) ou professionnel.\",\"breadcrumb\":{\"@id\":\"https:\/\/boisdarlon.be\/en\/chateau-evenements\/#breadcrumb\"},\"inLanguage\":\"en-US\",\"potentialAction\":[{\"@type\":\"ReadAction\",\"target\":[[\"https:\/\/boisdarlon.be\/en\/chateau-evenements\/\"]]}]},{\"@type\":\"ImageObject\",\"inLanguage\":\"en-US\",\"@id\":\"https:\/\/boisdarlon.be\/en\/chateau-evenements\/#primaryimage\",\"url\":\"https:\/\/boisdarlon.be\/wp-content\/uploads\/2024\/06\/HOTEL_08.jpg\",\"contentUrl\":\"https:\/\/boisdarlon.be\/wp-content\/uploads\/2024\/06\/HOTEL_08.jpg\",\"width\":1920,\"height\":1079},{\"@type\":\"BreadcrumbList\",\"@id\":\"https:\/\/boisdarlon.be\/en\/chateau-evenements\/#breadcrumb\",\"itemListElement\":[{\"@type\":\"ListItem\",\"position\":1,\"name\":\"Home\",\"item\":\"https:\/\/boisdarlon.be\/en\/\"},{\"@type\":\"ListItem\",\"position\":2,\"name\":\"Ch\u00e2teau &#038; \u00c9v\u00e9nements\"}]},{\"@type\":\"WebSite\",\"@id\":\"https:\/\/boisdarlon.be\/en\/#website\",\"url\":\"https:\/\/boisdarlon.be\/en\/\",\"name\":\"Domaine du Bois d'Arlon\",\"description\":\"Domaine du Bois d&#039;Arlon\",\"publisher\":{\"@id\":\"https:\/\/boisdarlon.be\/en\/#organization\"},\"potentialAction\":[{\"@type\":\"SearchAction\",\"target\":{\"@type\":\"EntryPoint\",\"urlTemplate\":\"https:\/\/boisdarlon.be\/en\/?s={search_term_string}\"},\"query-input\":\"required name=search_term_string\"}],\"inLanguage\":\"en-US\"},{\"@type\":\"Organization\",\"@id\":\"https:\/\/boisdarlon.be\/en\/#organization\",\"name\":\"Domaine du Bois d'Arlon\",\"url\":\"https:\/\/boisdarlon.be\/en\/\",\"logo\":{\"@type\":\"ImageObject\",\"inLanguage\":\"en-US\",\"@id\":\"https:\/\/boisdarlon.be\/en\/#\/schema\/logo\/image\/\",\"url\":\"https:\/\/boisdarlon.be\/wp-content\/uploads\/2024\/06\/LOGO.svg\",\"contentUrl\":\"https:\/\/boisdarlon.be\/wp-content\/uploads\/2024\/06\/LOGO.svg\",\"width\":206,\"height\":70,\"caption\":\"Domaine du Bois d'Arlon\"},\"image\":{\"@id\":\"https:\/\/boisdarlon.be\/en\/#\/schema\/logo\/image\/\"},\"sameAs\":[\"https:\/\/www.facebook.com\/domaineboisdarlon\/\",\"https:\/\/www.linkedin.com\/company\/boisdarlon\",\"https:\/\/www.instagram.com\/domaineduboisdarlon\/\"]}]}<\/script>\n<!-- \/ Yoast SEO plugin. -->","yoast_head_json":{"title":"Castle & Events - Bois d&#039;arlon","description":"D\u00e9couvrez le Ch\u00e2teau du Domaine du Bois d'Arlon, un lieu de prestige unique en Belgique o\u00f9 organiser un \u00e9v\u00e9nement priv\u00e9 (mariage) ou professionnel.","robots":{"index":"index","follow":"follow","max-snippet":"max-snippet:-1","max-image-preview":"max-image-preview:large","max-video-preview":"max-video-preview:-1"},"canonical":"https:\/\/boisdarlon.be\/en\/chateau-evenements\/","og_locale":"en_US","og_type":"article","og_title":"Castle & Events - Bois d&#039;arlon","og_description":"D\u00e9couvrez le Ch\u00e2teau du Domaine du Bois d'Arlon, un lieu de prestige unique en Belgique o\u00f9 organiser un \u00e9v\u00e9nement priv\u00e9 (mariage) ou professionnel.","og_url":"https:\/\/boisdarlon.be\/en\/chateau-evenements\/","og_site_name":"Bois d&#039;arlon","article_publisher":"https:\/\/www.facebook.com\/domaineboisdarlon\/","article_modified_time":"2025-09-29T12:07:07+00:00","og_image":[{"width":1920,"height":1079,"url":"https:\/\/boisdarlon.be\/wp-content\/uploads\/2024\/06\/HOTEL_08.jpg","type":"image\/jpeg"}],"twitter_card":"summary_large_image","twitter_misc":{"Est. reading time":"1 minute"},"schema":{"@context":"https:\/\/schema.org","@graph":[{"@type":"WebPage","@id":"https:\/\/boisdarlon.be\/en\/chateau-evenements\/","url":"https:\/\/boisdarlon.be\/en\/chateau-evenements\/","name":"Castle & Events - Bois d&#039;arlon","isPartOf":{"@id":"https:\/\/boisdarlon.be\/en\/#website"},"primaryImageOfPage":{"@id":"https:\/\/boisdarlon.be\/en\/chateau-evenements\/#primaryimage"},"image":{"@id":"https:\/\/boisdarlon.be\/chateau-evenements\/#primaryimage"},"thumbnailUrl":"https:\/\/boisdarlon.be\/wp-content\/uploads\/2024\/06\/HOTEL_08.jpg","datePublished":"2024-04-29T07:44:02+00:00","dateModified":"2025-09-29T12:07:07+00:00","description":"D\u00e9couvrez le Ch\u00e2teau du Domaine du Bois d'Arlon, un lieu de prestige unique en Belgique o\u00f9 organiser un \u00e9v\u00e9nement priv\u00e9 (mariage) ou professionnel.","breadcrumb":{"@id":"https:\/\/boisdarlon.be\/en\/chateau-evenements\/#breadcrumb"},"inLanguage":"en-US","potentialAction":[{"@type":"ReadAction","target":[["https:\/\/boisdarlon.be\/en\/chateau-evenements\/"]]}]},{"@type":"ImageObject","inLanguage":"en-US","@id":"https:\/\/boisdarlon.be\/en\/chateau-evenements\/#primaryimage","url":"https:\/\/boisdarlon.be\/wp-content\/uploads\/2024\/06\/HOTEL_08.jpg","contentUrl":"https:\/\/boisdarlon.be\/wp-content\/uploads\/2024\/06\/HOTEL_08.jpg","width":1920,"height":1079},{"@type":"BreadcrumbList","@id":"https:\/\/boisdarlon.be\/en\/chateau-evenements\/#breadcrumb","itemListElement":[{"@type":"ListItem","position":1,"name":"Home","item":"https:\/\/boisdarlon.be\/en\/"},{"@type":"ListItem","position":2,"name":"Ch\u00e2teau &#038; \u00c9v\u00e9nements"}]},{"@type":"WebSite","@id":"https:\/\/boisdarlon.be\/en\/#website","url":"https:\/\/boisdarlon.be\/en\/","name":"Domaine du Bois d'Arlon","description":"Domaine du Bois d&#039;Arlon","publisher":{"@id":"https:\/\/boisdarlon.be\/en\/#organization"},"potentialAction":[{"@type":"SearchAction","target":{"@type":"EntryPoint","urlTemplate":"https:\/\/boisdarlon.be\/en\/?s={search_term_string}"},"query-input":"required name=search_term_string"}],"inLanguage":"en-US"},{"@type":"Organization","@id":"https:\/\/boisdarlon.be\/en\/#organization","name":"Domaine du Bois d'Arlon","url":"https:\/\/boisdarlon.be\/en\/","logo":{"@type":"ImageObject","inLanguage":"en-US","@id":"https:\/\/boisdarlon.be\/en\/#\/schema\/logo\/image\/","url":"https:\/\/boisdarlon.be\/wp-content\/uploads\/2024\/06\/LOGO.svg","contentUrl":"https:\/\/boisdarlon.be\/wp-content\/uploads\/2024\/06\/LOGO.svg","width":206,"height":70,"caption":"Domaine du Bois d'Arlon"},"image":{"@id":"https:\/\/boisdarlon.be\/en\/#\/schema\/logo\/image\/"},"sameAs":["https:\/\/www.facebook.com\/domaineboisdarlon\/","https:\/\/www.linkedin.com\/company\/boisdarlon","https:\/\/www.instagram.com\/domaineduboisdarlon\/"]}]}},"_links":{"self":[{"href":"https:\/\/boisdarlon.be\/en\/wp-json\/wp\/v2\/pages\/15"}],"collection":[{"href":"https:\/\/boisdarlon.be\/en\/wp-json\/wp\/v2\/pages"}],"about":[{"href":"https:\/\/boisdarlon.be\/en\/wp-json\/wp\/v2\/types\/page"}],"author":[{"embeddable":true,"href":"https:\/\/boisdarlon.be\/en\/wp-json\/wp\/v2\/users\/1"}],"replies":[{"embeddable":true,"href":"https:\/\/boisdarlon.be\/en\/wp-json\/wp\/v2\/comments?post=15"}],"version-history":[{"count":10,"href":"https:\/\/boisdarlon.be\/en\/wp-json\/wp\/v2\/pages\/15\/revisions"}],"predecessor-version":[{"id":1830,"href":"https:\/\/boisdarlon.be\/en\/wp-json\/wp\/v2\/pages\/15\/revisions\/1830"}],"wp:featuredmedia":[{"embeddable":true,"href":"https:\/\/boisdarlon.be\/en\/wp-json\/wp\/v2\/media\/610"}],"wp:attachment":[{"href":"https:\/\/boisdarlon.be\/en\/wp-json\/wp\/v2\/media?parent=15"}],"curies":[{"name":"wp","href":"https:\/\/api.w.org\/{rel}","templated":true}]}}