{"id":22,"date":"2024-04-29T09:44:02","date_gmt":"2024-04-29T07:44:02","guid":{"rendered":"http:\/\/local.boisdarlon.be:8888\/actualties\/"},"modified":"2024-10-24T15:32:02","modified_gmt":"2024-10-24T13:32:02","slug":"blog","status":"publish","type":"page","link":"https:\/\/boisdarlon.be\/de\/blog\/","title":{"rendered":"Blog &#8211; Nachrichten"},"content":{"rendered":"","protected":false},"excerpt":{"rendered":"","protected":false},"author":1,"featured_media":0,"parent":0,"menu_order":8,"comment_status":"closed","ping_status":"closed","template":"","meta":{"_acf_changed":false,"footnotes":""},"acf":[],"yoast_head":"<!-- This site is optimized with the Yoast SEO plugin v22.9 - https:\/\/yoast.com\/wordpress\/plugins\/seo\/ -->\n<title>Blog - Nachrichten - Bois d&#039;arlon<\/title>\n<meta name=\"description\" content=\"Nouveaut\u00e9s, offres sp\u00e9ciales, ... retrouvez toutes les actualit\u00e9s du Domaine du Bois d&#039;Arlon - Golf &amp; Resort sur cette page.\" \/>\n<meta name=\"robots\" content=\"index, follow, max-snippet:-1, max-image-preview:large, max-video-preview:-1\" \/>\n<link rel=\"canonical\" href=\"https:\/\/boisdarlon.be\/de\/blog\/\" \/>\n<meta property=\"og:locale\" content=\"de_DE\" \/>\n<meta property=\"og:type\" content=\"article\" \/>\n<meta property=\"og:title\" content=\"Blog - Nachrichten - Bois d&#039;arlon\" \/>\n<meta property=\"og:description\" content=\"Nouveaut\u00e9s, offres sp\u00e9ciales, ... retrouvez toutes les actualit\u00e9s du Domaine du Bois d&#039;Arlon - Golf &amp; Resort sur cette page.\" \/>\n<meta property=\"og:url\" content=\"https:\/\/boisdarlon.be\/de\/blog\/\" \/>\n<meta property=\"og:site_name\" content=\"Bois d&#039;arlon\" \/>\n<meta property=\"article:publisher\" content=\"https:\/\/www.facebook.com\/domaineboisdarlon\/\" \/>\n<meta property=\"article:modified_time\" content=\"2024-10-24T13:32:02+00:00\" \/>\n<meta name=\"twitter:card\" content=\"summary_large_image\" \/>\n<script type=\"application\/ld+json\" class=\"yoast-schema-graph\">{\"@context\":\"https:\/\/schema.org\",\"@graph\":[{\"@type\":\"WebPage\",\"@id\":\"https:\/\/boisdarlon.be\/de\/blog\/\",\"url\":\"https:\/\/boisdarlon.be\/de\/blog\/\",\"name\":\"Blog - Nachrichten - Bois d&#039;arlon\",\"isPartOf\":{\"@id\":\"https:\/\/boisdarlon.be\/de\/#website\"},\"datePublished\":\"2024-04-29T07:44:02+00:00\",\"dateModified\":\"2024-10-24T13:32:02+00:00\",\"description\":\"Nouveaut\u00e9s, offres sp\u00e9ciales, ... retrouvez toutes les actualit\u00e9s du Domaine du Bois d'Arlon - Golf & Resort sur cette page.\",\"breadcrumb\":{\"@id\":\"https:\/\/boisdarlon.be\/de\/blog\/#breadcrumb\"},\"inLanguage\":\"de\",\"potentialAction\":[{\"@type\":\"ReadAction\",\"target\":[[\"https:\/\/boisdarlon.be\/de\/blog\/\"]]}]},{\"@type\":\"BreadcrumbList\",\"@id\":\"https:\/\/boisdarlon.be\/de\/blog\/#breadcrumb\",\"itemListElement\":[{\"@type\":\"ListItem\",\"position\":1,\"name\":\"Home\",\"item\":\"https:\/\/boisdarlon.be\/de\/\"},{\"@type\":\"ListItem\",\"position\":2,\"name\":\"Blog &#8211; Nachrichten\"}]},{\"@type\":\"WebSite\",\"@id\":\"https:\/\/boisdarlon.be\/de\/#website\",\"url\":\"https:\/\/boisdarlon.be\/de\/\",\"name\":\"Domaine du Bois d'Arlon\",\"description\":\"Domaine du Bois d&#039;Arlon\",\"publisher\":{\"@id\":\"https:\/\/boisdarlon.be\/de\/#organization\"},\"potentialAction\":[{\"@type\":\"SearchAction\",\"target\":{\"@type\":\"EntryPoint\",\"urlTemplate\":\"https:\/\/boisdarlon.be\/de\/?s={search_term_string}\"},\"query-input\":\"required name=search_term_string\"}],\"inLanguage\":\"de\"},{\"@type\":\"Organization\",\"@id\":\"https:\/\/boisdarlon.be\/de\/#organization\",\"name\":\"Domaine du Bois d'Arlon\",\"url\":\"https:\/\/boisdarlon.be\/de\/\",\"logo\":{\"@type\":\"ImageObject\",\"inLanguage\":\"de\",\"@id\":\"https:\/\/boisdarlon.be\/de\/#\/schema\/logo\/image\/\",\"url\":\"https:\/\/boisdarlon.be\/wp-content\/uploads\/2024\/06\/LOGO.svg\",\"contentUrl\":\"https:\/\/boisdarlon.be\/wp-content\/uploads\/2024\/06\/LOGO.svg\",\"width\":206,\"height\":70,\"caption\":\"Domaine du Bois d'Arlon\"},\"image\":{\"@id\":\"https:\/\/boisdarlon.be\/de\/#\/schema\/logo\/image\/\"},\"sameAs\":[\"https:\/\/www.facebook.com\/domaineboisdarlon\/\",\"https:\/\/www.linkedin.com\/company\/boisdarlon\",\"https:\/\/www.instagram.com\/domaineduboisdarlon\/\"]}]}<\/script>\n<!-- \/ Yoast SEO plugin. -->","yoast_head_json":{"title":"Blog - Nachrichten - Bois d&#039;arlon","description":"Nouveaut\u00e9s, offres sp\u00e9ciales, ... retrouvez toutes les actualit\u00e9s du Domaine du Bois d'Arlon - Golf & Resort sur cette page.","robots":{"index":"index","follow":"follow","max-snippet":"max-snippet:-1","max-image-preview":"max-image-preview:large","max-video-preview":"max-video-preview:-1"},"canonical":"https:\/\/boisdarlon.be\/de\/blog\/","og_locale":"de_DE","og_type":"article","og_title":"Blog - Nachrichten - Bois d&#039;arlon","og_description":"Nouveaut\u00e9s, offres sp\u00e9ciales, ... retrouvez toutes les actualit\u00e9s du Domaine du Bois d'Arlon - Golf & Resort sur cette page.","og_url":"https:\/\/boisdarlon.be\/de\/blog\/","og_site_name":"Bois d&#039;arlon","article_publisher":"https:\/\/www.facebook.com\/domaineboisdarlon\/","article_modified_time":"2024-10-24T13:32:02+00:00","twitter_card":"summary_large_image","schema":{"@context":"https:\/\/schema.org","@graph":[{"@type":"WebPage","@id":"https:\/\/boisdarlon.be\/de\/blog\/","url":"https:\/\/boisdarlon.be\/de\/blog\/","name":"Blog - Nachrichten - Bois d&#039;arlon","isPartOf":{"@id":"https:\/\/boisdarlon.be\/de\/#website"},"datePublished":"2024-04-29T07:44:02+00:00","dateModified":"2024-10-24T13:32:02+00:00","description":"Nouveaut\u00e9s, offres sp\u00e9ciales, ... retrouvez toutes les actualit\u00e9s du Domaine du Bois d'Arlon - Golf & Resort sur cette page.","breadcrumb":{"@id":"https:\/\/boisdarlon.be\/de\/blog\/#breadcrumb"},"inLanguage":"de","potentialAction":[{"@type":"ReadAction","target":[["https:\/\/boisdarlon.be\/de\/blog\/"]]}]},{"@type":"BreadcrumbList","@id":"https:\/\/boisdarlon.be\/de\/blog\/#breadcrumb","itemListElement":[{"@type":"ListItem","position":1,"name":"Home","item":"https:\/\/boisdarlon.be\/de\/"},{"@type":"ListItem","position":2,"name":"Blog &#8211; Nachrichten"}]},{"@type":"WebSite","@id":"https:\/\/boisdarlon.be\/de\/#website","url":"https:\/\/boisdarlon.be\/de\/","name":"Domaine du Bois d'Arlon","description":"Domaine du Bois d&#039;Arlon","publisher":{"@id":"https:\/\/boisdarlon.be\/de\/#organization"},"potentialAction":[{"@type":"SearchAction","target":{"@type":"EntryPoint","urlTemplate":"https:\/\/boisdarlon.be\/de\/?s={search_term_string}"},"query-input":"required name=search_term_string"}],"inLanguage":"de"},{"@type":"Organization","@id":"https:\/\/boisdarlon.be\/de\/#organization","name":"Domaine du Bois d'Arlon","url":"https:\/\/boisdarlon.be\/de\/","logo":{"@type":"ImageObject","inLanguage":"de","@id":"https:\/\/boisdarlon.be\/de\/#\/schema\/logo\/image\/","url":"https:\/\/boisdarlon.be\/wp-content\/uploads\/2024\/06\/LOGO.svg","contentUrl":"https:\/\/boisdarlon.be\/wp-content\/uploads\/2024\/06\/LOGO.svg","width":206,"height":70,"caption":"Domaine du Bois d'Arlon"},"image":{"@id":"https:\/\/boisdarlon.be\/de\/#\/schema\/logo\/image\/"},"sameAs":["https:\/\/www.facebook.com\/domaineboisdarlon\/","https:\/\/www.linkedin.com\/company\/boisdarlon","https:\/\/www.instagram.com\/domaineduboisdarlon\/"]}]}},"_links":{"self":[{"href":"https:\/\/boisdarlon.be\/de\/wp-json\/wp\/v2\/pages\/22"}],"collection":[{"href":"https:\/\/boisdarlon.be\/de\/wp-json\/wp\/v2\/pages"}],"about":[{"href":"https:\/\/boisdarlon.be\/de\/wp-json\/wp\/v2\/types\/page"}],"author":[{"embeddable":true,"href":"https:\/\/boisdarlon.be\/de\/wp-json\/wp\/v2\/users\/1"}],"replies":[{"embeddable":true,"href":"https:\/\/boisdarlon.be\/de\/wp-json\/wp\/v2\/comments?post=22"}],"version-history":[{"count":10,"href":"https:\/\/boisdarlon.be\/de\/wp-json\/wp\/v2\/pages\/22\/revisions"}],"predecessor-version":[{"id":1458,"href":"https:\/\/boisdarlon.be\/de\/wp-json\/wp\/v2\/pages\/22\/revisions\/1458"}],"wp:attachment":[{"href":"https:\/\/boisdarlon.be\/de\/wp-json\/wp\/v2\/media?parent=22"}],"curies":[{"name":"wp","href":"https:\/\/api.w.org\/{rel}","templated":true}]}}