{"id":19,"date":"2024-04-29T09:44:46","date_gmt":"2024-04-29T07:44:02","guid":{"rendered":"http:\/\/local.boisdarlon.be:8888\/spa-wellness\/"},"modified":"2025-05-09T13:59:36","modified_gmt":"2025-05-09T11:59:36","slug":"spa","status":"publish","type":"page","link":"https:\/\/boisdarlon.be\/de\/spa\/","title":{"rendered":"Spa Cinq Mondes"},"content":{"rendered":"","protected":false},"excerpt":{"rendered":"","protected":false},"author":1,"featured_media":796,"parent":0,"menu_order":4,"comment_status":"closed","ping_status":"closed","template":"","meta":{"_acf_changed":false,"footnotes":""},"acf":[],"yoast_head":"<!-- This site is optimized with the Yoast SEO plugin v22.9 - https:\/\/yoast.com\/wordpress\/plugins\/seo\/ -->\n<title>Spa Cinq Mondes - Bois d&#039;arlon<\/title>\n<meta name=\"description\" content=\"Site officiel du SPA Cinq Mondes de l&#039;h\u00f4tel du Bois d&#039;Arlon, d\u00e9couvrez ce centre de bien-\u00eatre wellness avec sa terrasse rooftop avec vue sur la nature.\" \/>\n<meta name=\"robots\" content=\"index, follow, max-snippet:-1, max-image-preview:large, max-video-preview:-1\" \/>\n<link rel=\"canonical\" href=\"https:\/\/boisdarlon.be\/de\/spa\/\" \/>\n<meta property=\"og:locale\" content=\"de_DE\" \/>\n<meta property=\"og:type\" content=\"article\" \/>\n<meta property=\"og:title\" content=\"Spa Cinq Mondes - Bois d&#039;arlon\" \/>\n<meta property=\"og:description\" content=\"Site officiel du SPA Cinq Mondes de l&#039;h\u00f4tel du Bois d&#039;Arlon, d\u00e9couvrez ce centre de bien-\u00eatre wellness avec sa terrasse rooftop avec vue sur la nature.\" \/>\n<meta property=\"og:url\" content=\"https:\/\/boisdarlon.be\/de\/spa\/\" \/>\n<meta property=\"og:site_name\" content=\"Bois d&#039;arlon\" \/>\n<meta property=\"article:publisher\" content=\"https:\/\/www.facebook.com\/domaineboisdarlon\/\" \/>\n<meta property=\"article:modified_time\" content=\"2025-05-09T11:59:36+00:00\" \/>\n<meta property=\"og:image\" content=\"https:\/\/boisdarlon.be\/wp-content\/uploads\/2024\/06\/spa-cinq-mondes-bois-arlon.jpg\" \/>\n\t<meta property=\"og:image:width\" content=\"1500\" \/>\n\t<meta property=\"og:image:height\" content=\"1000\" \/>\n\t<meta property=\"og:image:type\" content=\"image\/jpeg\" \/>\n<meta name=\"twitter:card\" content=\"summary_large_image\" \/>\n<meta name=\"twitter:label1\" content=\"Est. reading time\" \/>\n\t<meta name=\"twitter:data1\" content=\"1\u00a0Minute\" \/>\n<script type=\"application\/ld+json\" class=\"yoast-schema-graph\">{\"@context\":\"https:\/\/schema.org\",\"@graph\":[{\"@type\":\"WebPage\",\"@id\":\"https:\/\/boisdarlon.be\/de\/spa\/\",\"url\":\"https:\/\/boisdarlon.be\/de\/spa\/\",\"name\":\"Spa Cinq Mondes - Bois d&#039;arlon\",\"isPartOf\":{\"@id\":\"https:\/\/boisdarlon.be\/de\/#website\"},\"primaryImageOfPage\":{\"@id\":\"https:\/\/boisdarlon.be\/de\/spa\/#primaryimage\"},\"image\":{\"@id\":\"https:\/\/boisdarlon.be\/spa\/#primaryimage\"},\"thumbnailUrl\":\"https:\/\/boisdarlon.be\/wp-content\/uploads\/2024\/06\/spa-cinq-mondes-bois-arlon.jpg\",\"datePublished\":\"2024-04-29T07:44:02+00:00\",\"dateModified\":\"2025-05-09T11:59:36+00:00\",\"description\":\"Site officiel du SPA Cinq Mondes de l'h\u00f4tel du Bois d'Arlon, d\u00e9couvrez ce centre de bien-\u00eatre wellness avec sa terrasse rooftop avec vue sur la nature.\",\"breadcrumb\":{\"@id\":\"https:\/\/boisdarlon.be\/de\/spa\/#breadcrumb\"},\"inLanguage\":\"de\",\"potentialAction\":[{\"@type\":\"ReadAction\",\"target\":[[\"https:\/\/boisdarlon.be\/de\/spa\/\"]]}]},{\"@type\":\"ImageObject\",\"inLanguage\":\"de\",\"@id\":\"https:\/\/boisdarlon.be\/de\/spa\/#primaryimage\",\"url\":\"https:\/\/boisdarlon.be\/wp-content\/uploads\/2024\/06\/spa-cinq-mondes-bois-arlon.jpg\",\"contentUrl\":\"https:\/\/boisdarlon.be\/wp-content\/uploads\/2024\/06\/spa-cinq-mondes-bois-arlon.jpg\",\"width\":1500,\"height\":1000},{\"@type\":\"BreadcrumbList\",\"@id\":\"https:\/\/boisdarlon.be\/de\/spa\/#breadcrumb\",\"itemListElement\":[{\"@type\":\"ListItem\",\"position\":1,\"name\":\"Home\",\"item\":\"https:\/\/boisdarlon.be\/de\/\"},{\"@type\":\"ListItem\",\"position\":2,\"name\":\"SPA Cinq Mondes\"}]},{\"@type\":\"WebSite\",\"@id\":\"https:\/\/boisdarlon.be\/de\/#website\",\"url\":\"https:\/\/boisdarlon.be\/de\/\",\"name\":\"Domaine du Bois d'Arlon\",\"description\":\"Domaine du Bois d&#039;Arlon\",\"publisher\":{\"@id\":\"https:\/\/boisdarlon.be\/de\/#organization\"},\"potentialAction\":[{\"@type\":\"SearchAction\",\"target\":{\"@type\":\"EntryPoint\",\"urlTemplate\":\"https:\/\/boisdarlon.be\/de\/?s={search_term_string}\"},\"query-input\":\"required name=search_term_string\"}],\"inLanguage\":\"de\"},{\"@type\":\"Organization\",\"@id\":\"https:\/\/boisdarlon.be\/de\/#organization\",\"name\":\"Domaine du Bois d'Arlon\",\"url\":\"https:\/\/boisdarlon.be\/de\/\",\"logo\":{\"@type\":\"ImageObject\",\"inLanguage\":\"de\",\"@id\":\"https:\/\/boisdarlon.be\/de\/#\/schema\/logo\/image\/\",\"url\":\"https:\/\/boisdarlon.be\/wp-content\/uploads\/2024\/06\/LOGO.svg\",\"contentUrl\":\"https:\/\/boisdarlon.be\/wp-content\/uploads\/2024\/06\/LOGO.svg\",\"width\":206,\"height\":70,\"caption\":\"Domaine du Bois d'Arlon\"},\"image\":{\"@id\":\"https:\/\/boisdarlon.be\/de\/#\/schema\/logo\/image\/\"},\"sameAs\":[\"https:\/\/www.facebook.com\/domaineboisdarlon\/\",\"https:\/\/www.linkedin.com\/company\/boisdarlon\",\"https:\/\/www.instagram.com\/domaineduboisdarlon\/\"]}]}<\/script>\n<!-- \/ Yoast SEO plugin. -->","yoast_head_json":{"title":"Spa Cinq Mondes - Bois d&#039;arlon","description":"Site officiel du SPA Cinq Mondes de l'h\u00f4tel du Bois d'Arlon, d\u00e9couvrez ce centre de bien-\u00eatre wellness avec sa terrasse rooftop avec vue sur la nature.","robots":{"index":"index","follow":"follow","max-snippet":"max-snippet:-1","max-image-preview":"max-image-preview:large","max-video-preview":"max-video-preview:-1"},"canonical":"https:\/\/boisdarlon.be\/de\/spa\/","og_locale":"de_DE","og_type":"article","og_title":"Spa Cinq Mondes - Bois d&#039;arlon","og_description":"Site officiel du SPA Cinq Mondes de l'h\u00f4tel du Bois d'Arlon, d\u00e9couvrez ce centre de bien-\u00eatre wellness avec sa terrasse rooftop avec vue sur la nature.","og_url":"https:\/\/boisdarlon.be\/de\/spa\/","og_site_name":"Bois d&#039;arlon","article_publisher":"https:\/\/www.facebook.com\/domaineboisdarlon\/","article_modified_time":"2025-05-09T11:59:36+00:00","og_image":[{"width":1500,"height":1000,"url":"https:\/\/boisdarlon.be\/wp-content\/uploads\/2024\/06\/spa-cinq-mondes-bois-arlon.jpg","type":"image\/jpeg"}],"twitter_card":"summary_large_image","twitter_misc":{"Est. reading time":"1\u00a0Minute"},"schema":{"@context":"https:\/\/schema.org","@graph":[{"@type":"WebPage","@id":"https:\/\/boisdarlon.be\/de\/spa\/","url":"https:\/\/boisdarlon.be\/de\/spa\/","name":"Spa Cinq Mondes - Bois d&#039;arlon","isPartOf":{"@id":"https:\/\/boisdarlon.be\/de\/#website"},"primaryImageOfPage":{"@id":"https:\/\/boisdarlon.be\/de\/spa\/#primaryimage"},"image":{"@id":"https:\/\/boisdarlon.be\/spa\/#primaryimage"},"thumbnailUrl":"https:\/\/boisdarlon.be\/wp-content\/uploads\/2024\/06\/spa-cinq-mondes-bois-arlon.jpg","datePublished":"2024-04-29T07:44:02+00:00","dateModified":"2025-05-09T11:59:36+00:00","description":"Site officiel du SPA Cinq Mondes de l'h\u00f4tel du Bois d'Arlon, d\u00e9couvrez ce centre de bien-\u00eatre wellness avec sa terrasse rooftop avec vue sur la nature.","breadcrumb":{"@id":"https:\/\/boisdarlon.be\/de\/spa\/#breadcrumb"},"inLanguage":"de","potentialAction":[{"@type":"ReadAction","target":[["https:\/\/boisdarlon.be\/de\/spa\/"]]}]},{"@type":"ImageObject","inLanguage":"de","@id":"https:\/\/boisdarlon.be\/de\/spa\/#primaryimage","url":"https:\/\/boisdarlon.be\/wp-content\/uploads\/2024\/06\/spa-cinq-mondes-bois-arlon.jpg","contentUrl":"https:\/\/boisdarlon.be\/wp-content\/uploads\/2024\/06\/spa-cinq-mondes-bois-arlon.jpg","width":1500,"height":1000},{"@type":"BreadcrumbList","@id":"https:\/\/boisdarlon.be\/de\/spa\/#breadcrumb","itemListElement":[{"@type":"ListItem","position":1,"name":"Home","item":"https:\/\/boisdarlon.be\/de\/"},{"@type":"ListItem","position":2,"name":"SPA Cinq Mondes"}]},{"@type":"WebSite","@id":"https:\/\/boisdarlon.be\/de\/#website","url":"https:\/\/boisdarlon.be\/de\/","name":"Domaine du Bois d'Arlon","description":"Domaine du Bois d&#039;Arlon","publisher":{"@id":"https:\/\/boisdarlon.be\/de\/#organization"},"potentialAction":[{"@type":"SearchAction","target":{"@type":"EntryPoint","urlTemplate":"https:\/\/boisdarlon.be\/de\/?s={search_term_string}"},"query-input":"required name=search_term_string"}],"inLanguage":"de"},{"@type":"Organization","@id":"https:\/\/boisdarlon.be\/de\/#organization","name":"Domaine du Bois d'Arlon","url":"https:\/\/boisdarlon.be\/de\/","logo":{"@type":"ImageObject","inLanguage":"de","@id":"https:\/\/boisdarlon.be\/de\/#\/schema\/logo\/image\/","url":"https:\/\/boisdarlon.be\/wp-content\/uploads\/2024\/06\/LOGO.svg","contentUrl":"https:\/\/boisdarlon.be\/wp-content\/uploads\/2024\/06\/LOGO.svg","width":206,"height":70,"caption":"Domaine du Bois d'Arlon"},"image":{"@id":"https:\/\/boisdarlon.be\/de\/#\/schema\/logo\/image\/"},"sameAs":["https:\/\/www.facebook.com\/domaineboisdarlon\/","https:\/\/www.linkedin.com\/company\/boisdarlon","https:\/\/www.instagram.com\/domaineduboisdarlon\/"]}]}},"_links":{"self":[{"href":"https:\/\/boisdarlon.be\/de\/wp-json\/wp\/v2\/pages\/19"}],"collection":[{"href":"https:\/\/boisdarlon.be\/de\/wp-json\/wp\/v2\/pages"}],"about":[{"href":"https:\/\/boisdarlon.be\/de\/wp-json\/wp\/v2\/types\/page"}],"author":[{"embeddable":true,"href":"https:\/\/boisdarlon.be\/de\/wp-json\/wp\/v2\/users\/1"}],"replies":[{"embeddable":true,"href":"https:\/\/boisdarlon.be\/de\/wp-json\/wp\/v2\/comments?post=19"}],"version-history":[{"count":10,"href":"https:\/\/boisdarlon.be\/de\/wp-json\/wp\/v2\/pages\/19\/revisions"}],"predecessor-version":[{"id":1780,"href":"https:\/\/boisdarlon.be\/de\/wp-json\/wp\/v2\/pages\/19\/revisions\/1780"}],"wp:featuredmedia":[{"embeddable":true,"href":"https:\/\/boisdarlon.be\/de\/wp-json\/wp\/v2\/media\/796"}],"wp:attachment":[{"href":"https:\/\/boisdarlon.be\/de\/wp-json\/wp\/v2\/media?parent=19"}],"curies":[{"name":"wp","href":"https:\/\/api.w.org\/{rel}","templated":true}]}}