{"id":176,"date":"2024-05-14T14:13:13","date_gmt":"2024-05-14T12:13:13","guid":{"rendered":"http:\/\/local.boisdarlon.be:8888\/les-jardins\/"},"modified":"2024-05-14T14:15:42","modified_gmt":"2024-05-14T12:15:42","slug":"les-jardins","status":"publish","type":"page","link":"https:\/\/boisdarlon.be\/de\/chateau-evenements\/les-jardins\/","title":{"rendered":"Les jardins"},"content":{"rendered":"","protected":false},"excerpt":{"rendered":"","protected":false},"author":1,"featured_media":178,"parent":15,"menu_order":1,"comment_status":"closed","ping_status":"closed","template":"","meta":{"_acf_changed":false,"footnotes":""},"acf":[],"yoast_head":"<!-- This site is optimized with the Yoast SEO plugin v22.9 - https:\/\/yoast.com\/wordpress\/plugins\/seo\/ -->\n<title>Les jardins - Bois d&#039;arlon<\/title>\n<meta name=\"robots\" content=\"index, follow, max-snippet:-1, max-image-preview:large, max-video-preview:-1\" \/>\n<link rel=\"canonical\" href=\"https:\/\/boisdarlon.be\/de\/chateau-evenements\/les-jardins\/\" \/>\n<meta property=\"og:locale\" content=\"de_DE\" \/>\n<meta property=\"og:type\" content=\"article\" \/>\n<meta property=\"og:title\" content=\"Les jardins - Bois d&#039;arlon\" \/>\n<meta property=\"og:url\" content=\"https:\/\/boisdarlon.be\/de\/chateau-evenements\/les-jardins\/\" \/>\n<meta property=\"og:site_name\" content=\"Bois d&#039;arlon\" \/>\n<meta property=\"article:publisher\" content=\"https:\/\/www.facebook.com\/domaineboisdarlon\/\" \/>\n<meta property=\"article:modified_time\" content=\"2024-05-14T12:15:42+00:00\" \/>\n<meta property=\"og:image\" content=\"https:\/\/boisdarlon.be\/wp-content\/uploads\/2024\/05\/epra-16-9-1a-copy-2.jpg\" \/>\n\t<meta property=\"og:image:width\" content=\"876\" \/>\n\t<meta property=\"og:image:height\" content=\"620\" \/>\n\t<meta property=\"og:image:type\" content=\"image\/jpeg\" \/>\n<meta name=\"twitter:card\" content=\"summary_large_image\" \/>\n<script type=\"application\/ld+json\" class=\"yoast-schema-graph\">{\"@context\":\"https:\/\/schema.org\",\"@graph\":[{\"@type\":\"WebPage\",\"@id\":\"https:\/\/boisdarlon.be\/de\/chateau-evenements\/les-jardins\/\",\"url\":\"https:\/\/boisdarlon.be\/de\/chateau-evenements\/les-jardins\/\",\"name\":\"Les jardins - Bois d&#039;arlon\",\"isPartOf\":{\"@id\":\"https:\/\/boisdarlon.be\/de\/#website\"},\"primaryImageOfPage\":{\"@id\":\"https:\/\/boisdarlon.be\/de\/chateau-evenements\/les-jardins\/#primaryimage\"},\"image\":{\"@id\":\"https:\/\/boisdarlon.be\/chateau-evenements\/les-jardins\/#primaryimage\"},\"thumbnailUrl\":\"https:\/\/boisdarlon.be\/wp-content\/uploads\/2024\/05\/epra-16-9-1a-copy-2.jpg\",\"datePublished\":\"2024-05-14T12:13:13+00:00\",\"dateModified\":\"2024-05-14T12:15:42+00:00\",\"breadcrumb\":{\"@id\":\"https:\/\/boisdarlon.be\/de\/chateau-evenements\/les-jardins\/#breadcrumb\"},\"inLanguage\":\"de\",\"potentialAction\":[{\"@type\":\"ReadAction\",\"target\":[[\"https:\/\/boisdarlon.be\/de\/chateau-evenements\/les-jardins\/\"]]}]},{\"@type\":\"ImageObject\",\"inLanguage\":\"de\",\"@id\":\"https:\/\/boisdarlon.be\/de\/chateau-evenements\/les-jardins\/#primaryimage\",\"url\":\"https:\/\/boisdarlon.be\/wp-content\/uploads\/2024\/05\/epra-16-9-1a-copy-2.jpg\",\"contentUrl\":\"https:\/\/boisdarlon.be\/wp-content\/uploads\/2024\/05\/epra-16-9-1a-copy-2.jpg\",\"width\":876,\"height\":620},{\"@type\":\"BreadcrumbList\",\"@id\":\"https:\/\/boisdarlon.be\/de\/chateau-evenements\/les-jardins\/#breadcrumb\",\"itemListElement\":[{\"@type\":\"ListItem\",\"position\":1,\"name\":\"Home\",\"item\":\"https:\/\/boisdarlon.be\/de\/\"},{\"@type\":\"ListItem\",\"position\":2,\"name\":\"Ch\u00e2teau &#038; \u00c9v\u00e9nements\",\"item\":\"https:\/\/boisdarlon.be\/de\/chateau-evenements\/\"},{\"@type\":\"ListItem\",\"position\":3,\"name\":\"Les jardins\"}]},{\"@type\":\"WebSite\",\"@id\":\"https:\/\/boisdarlon.be\/de\/#website\",\"url\":\"https:\/\/boisdarlon.be\/de\/\",\"name\":\"Domaine du Bois d'Arlon\",\"description\":\"Domaine du Bois d&#039;Arlon\",\"publisher\":{\"@id\":\"https:\/\/boisdarlon.be\/de\/#organization\"},\"potentialAction\":[{\"@type\":\"SearchAction\",\"target\":{\"@type\":\"EntryPoint\",\"urlTemplate\":\"https:\/\/boisdarlon.be\/de\/?s={search_term_string}\"},\"query-input\":\"required name=search_term_string\"}],\"inLanguage\":\"de\"},{\"@type\":\"Organization\",\"@id\":\"https:\/\/boisdarlon.be\/de\/#organization\",\"name\":\"Domaine du Bois d'Arlon\",\"url\":\"https:\/\/boisdarlon.be\/de\/\",\"logo\":{\"@type\":\"ImageObject\",\"inLanguage\":\"de\",\"@id\":\"https:\/\/boisdarlon.be\/de\/#\/schema\/logo\/image\/\",\"url\":\"https:\/\/boisdarlon.be\/wp-content\/uploads\/2024\/06\/LOGO.svg\",\"contentUrl\":\"https:\/\/boisdarlon.be\/wp-content\/uploads\/2024\/06\/LOGO.svg\",\"width\":206,\"height\":70,\"caption\":\"Domaine du Bois d'Arlon\"},\"image\":{\"@id\":\"https:\/\/boisdarlon.be\/de\/#\/schema\/logo\/image\/\"},\"sameAs\":[\"https:\/\/www.facebook.com\/domaineboisdarlon\/\",\"https:\/\/www.linkedin.com\/company\/boisdarlon\",\"https:\/\/www.instagram.com\/domaineduboisdarlon\/\"]}]}<\/script>\n<!-- \/ Yoast SEO plugin. -->","yoast_head_json":{"title":"Les jardins - Bois d&#039;arlon","robots":{"index":"index","follow":"follow","max-snippet":"max-snippet:-1","max-image-preview":"max-image-preview:large","max-video-preview":"max-video-preview:-1"},"canonical":"https:\/\/boisdarlon.be\/de\/chateau-evenements\/les-jardins\/","og_locale":"de_DE","og_type":"article","og_title":"Les jardins - Bois d&#039;arlon","og_url":"https:\/\/boisdarlon.be\/de\/chateau-evenements\/les-jardins\/","og_site_name":"Bois d&#039;arlon","article_publisher":"https:\/\/www.facebook.com\/domaineboisdarlon\/","article_modified_time":"2024-05-14T12:15:42+00:00","og_image":[{"width":876,"height":620,"url":"https:\/\/boisdarlon.be\/wp-content\/uploads\/2024\/05\/epra-16-9-1a-copy-2.jpg","type":"image\/jpeg"}],"twitter_card":"summary_large_image","schema":{"@context":"https:\/\/schema.org","@graph":[{"@type":"WebPage","@id":"https:\/\/boisdarlon.be\/de\/chateau-evenements\/les-jardins\/","url":"https:\/\/boisdarlon.be\/de\/chateau-evenements\/les-jardins\/","name":"Les jardins - Bois d&#039;arlon","isPartOf":{"@id":"https:\/\/boisdarlon.be\/de\/#website"},"primaryImageOfPage":{"@id":"https:\/\/boisdarlon.be\/de\/chateau-evenements\/les-jardins\/#primaryimage"},"image":{"@id":"https:\/\/boisdarlon.be\/chateau-evenements\/les-jardins\/#primaryimage"},"thumbnailUrl":"https:\/\/boisdarlon.be\/wp-content\/uploads\/2024\/05\/epra-16-9-1a-copy-2.jpg","datePublished":"2024-05-14T12:13:13+00:00","dateModified":"2024-05-14T12:15:42+00:00","breadcrumb":{"@id":"https:\/\/boisdarlon.be\/de\/chateau-evenements\/les-jardins\/#breadcrumb"},"inLanguage":"de","potentialAction":[{"@type":"ReadAction","target":[["https:\/\/boisdarlon.be\/de\/chateau-evenements\/les-jardins\/"]]}]},{"@type":"ImageObject","inLanguage":"de","@id":"https:\/\/boisdarlon.be\/de\/chateau-evenements\/les-jardins\/#primaryimage","url":"https:\/\/boisdarlon.be\/wp-content\/uploads\/2024\/05\/epra-16-9-1a-copy-2.jpg","contentUrl":"https:\/\/boisdarlon.be\/wp-content\/uploads\/2024\/05\/epra-16-9-1a-copy-2.jpg","width":876,"height":620},{"@type":"BreadcrumbList","@id":"https:\/\/boisdarlon.be\/de\/chateau-evenements\/les-jardins\/#breadcrumb","itemListElement":[{"@type":"ListItem","position":1,"name":"Home","item":"https:\/\/boisdarlon.be\/de\/"},{"@type":"ListItem","position":2,"name":"Ch\u00e2teau &#038; \u00c9v\u00e9nements","item":"https:\/\/boisdarlon.be\/de\/chateau-evenements\/"},{"@type":"ListItem","position":3,"name":"Les jardins"}]},{"@type":"WebSite","@id":"https:\/\/boisdarlon.be\/de\/#website","url":"https:\/\/boisdarlon.be\/de\/","name":"Domaine du Bois d'Arlon","description":"Domaine du Bois d&#039;Arlon","publisher":{"@id":"https:\/\/boisdarlon.be\/de\/#organization"},"potentialAction":[{"@type":"SearchAction","target":{"@type":"EntryPoint","urlTemplate":"https:\/\/boisdarlon.be\/de\/?s={search_term_string}"},"query-input":"required name=search_term_string"}],"inLanguage":"de"},{"@type":"Organization","@id":"https:\/\/boisdarlon.be\/de\/#organization","name":"Domaine du Bois d'Arlon","url":"https:\/\/boisdarlon.be\/de\/","logo":{"@type":"ImageObject","inLanguage":"de","@id":"https:\/\/boisdarlon.be\/de\/#\/schema\/logo\/image\/","url":"https:\/\/boisdarlon.be\/wp-content\/uploads\/2024\/06\/LOGO.svg","contentUrl":"https:\/\/boisdarlon.be\/wp-content\/uploads\/2024\/06\/LOGO.svg","width":206,"height":70,"caption":"Domaine du Bois d'Arlon"},"image":{"@id":"https:\/\/boisdarlon.be\/de\/#\/schema\/logo\/image\/"},"sameAs":["https:\/\/www.facebook.com\/domaineboisdarlon\/","https:\/\/www.linkedin.com\/company\/boisdarlon","https:\/\/www.instagram.com\/domaineduboisdarlon\/"]}]}},"_links":{"self":[{"href":"https:\/\/boisdarlon.be\/de\/wp-json\/wp\/v2\/pages\/176"}],"collection":[{"href":"https:\/\/boisdarlon.be\/de\/wp-json\/wp\/v2\/pages"}],"about":[{"href":"https:\/\/boisdarlon.be\/de\/wp-json\/wp\/v2\/types\/page"}],"author":[{"embeddable":true,"href":"https:\/\/boisdarlon.be\/de\/wp-json\/wp\/v2\/users\/1"}],"replies":[{"embeddable":true,"href":"https:\/\/boisdarlon.be\/de\/wp-json\/wp\/v2\/comments?post=176"}],"version-history":[{"count":0,"href":"https:\/\/boisdarlon.be\/de\/wp-json\/wp\/v2\/pages\/176\/revisions"}],"up":[{"embeddable":true,"href":"https:\/\/boisdarlon.be\/de\/wp-json\/wp\/v2\/pages\/15"}],"wp:featuredmedia":[{"embeddable":true,"href":"https:\/\/boisdarlon.be\/de\/wp-json\/wp\/v2\/media\/178"}],"wp:attachment":[{"href":"https:\/\/boisdarlon.be\/de\/wp-json\/wp\/v2\/media?parent=176"}],"curies":[{"name":"wp","href":"https:\/\/api.w.org\/{rel}","templated":true}]}}