{"id":17,"date":"2024-04-29T09:44:02","date_gmt":"2024-04-29T07:44:02","guid":{"rendered":"http:\/\/local.boisdarlon.be:8888\/restaurant\/"},"modified":"2026-03-30T11:57:09","modified_gmt":"2026-03-30T09:57:09","slug":"restaurant","status":"publish","type":"page","link":"https:\/\/boisdarlon.be\/de\/restaurant\/","title":{"rendered":"Restaurant &#038; Bar"},"content":{"rendered":"","protected":false},"excerpt":{"rendered":"","protected":false},"author":1,"featured_media":1184,"parent":0,"menu_order":3,"comment_status":"closed","ping_status":"closed","template":"","meta":{"_acf_changed":false,"footnotes":""},"acf":[],"yoast_head":"<!-- This site is optimized with the Yoast SEO plugin v22.9 - https:\/\/yoast.com\/wordpress\/plugins\/seo\/ -->\n<title>Brasserie G - Bois d&#039;Arlon<\/title>\n<meta name=\"description\" content=\"Site officiel du restaurant implant\u00e9 au sein de l&#039;h\u00f4tel du Bois d&#039;Arlon, la Brasserie G et ouvert \u00e0 tous. D\u00e9couvrez le menu propos\u00e9 par notre chef.\" \/>\n<meta name=\"robots\" content=\"index, follow, max-snippet:-1, max-image-preview:large, max-video-preview:-1\" \/>\n<link rel=\"canonical\" href=\"https:\/\/boisdarlon.be\/de\/restaurant\/\" \/>\n<meta property=\"og:locale\" content=\"de_DE\" \/>\n<meta property=\"og:type\" content=\"article\" \/>\n<meta property=\"og:title\" content=\"Brasserie G - Bois d&#039;Arlon\" \/>\n<meta property=\"og:description\" content=\"Site officiel du restaurant implant\u00e9 au sein de l&#039;h\u00f4tel du Bois d&#039;Arlon, la Brasserie G et ouvert \u00e0 tous. D\u00e9couvrez le menu propos\u00e9 par notre chef.\" \/>\n<meta property=\"og:url\" content=\"https:\/\/boisdarlon.be\/de\/restaurant\/\" \/>\n<meta property=\"og:site_name\" content=\"Bois d&#039;arlon\" \/>\n<meta property=\"article:publisher\" content=\"https:\/\/www.facebook.com\/domaineboisdarlon\/\" \/>\n<meta property=\"article:modified_time\" content=\"2026-03-30T09:57:09+00:00\" \/>\n<meta property=\"og:image\" content=\"https:\/\/boisdarlon.be\/wp-content\/uploads\/2024\/07\/hotel-bois-arlon_4-restaurant-la-chenaie.jpg\" \/>\n\t<meta property=\"og:image:width\" content=\"1920\" \/>\n\t<meta property=\"og:image:height\" content=\"1281\" \/>\n\t<meta property=\"og:image:type\" content=\"image\/jpeg\" \/>\n<meta name=\"twitter:card\" content=\"summary_large_image\" \/>\n<meta name=\"twitter:label1\" content=\"Est. reading time\" \/>\n\t<meta name=\"twitter:data1\" content=\"1\u00a0Minute\" \/>\n<script type=\"application\/ld+json\" class=\"yoast-schema-graph\">{\"@context\":\"https:\/\/schema.org\",\"@graph\":[{\"@type\":\"WebPage\",\"@id\":\"https:\/\/boisdarlon.be\/de\/restaurant\/\",\"url\":\"https:\/\/boisdarlon.be\/de\/restaurant\/\",\"name\":\"Brasserie G - Bois d'Arlon\",\"isPartOf\":{\"@id\":\"https:\/\/boisdarlon.be\/de\/#website\"},\"primaryImageOfPage\":{\"@id\":\"https:\/\/boisdarlon.be\/de\/restaurant\/#primaryimage\"},\"image\":{\"@id\":\"https:\/\/boisdarlon.be\/restaurant\/#primaryimage\"},\"thumbnailUrl\":\"https:\/\/boisdarlon.be\/wp-content\/uploads\/2024\/07\/hotel-bois-arlon_4-restaurant-la-chenaie.jpg\",\"datePublished\":\"2024-04-29T07:44:02+00:00\",\"dateModified\":\"2026-03-30T09:57:09+00:00\",\"description\":\"Site officiel du restaurant implant\u00e9 au sein de l'h\u00f4tel du Bois d'Arlon, la Brasserie G et ouvert \u00e0 tous. D\u00e9couvrez le menu propos\u00e9 par notre chef.\",\"breadcrumb\":{\"@id\":\"https:\/\/boisdarlon.be\/de\/restaurant\/#breadcrumb\"},\"inLanguage\":\"de\",\"potentialAction\":[{\"@type\":\"ReadAction\",\"target\":[[\"https:\/\/boisdarlon.be\/de\/restaurant\/\"]]}]},{\"@type\":\"ImageObject\",\"inLanguage\":\"de\",\"@id\":\"https:\/\/boisdarlon.be\/de\/restaurant\/#primaryimage\",\"url\":\"https:\/\/boisdarlon.be\/wp-content\/uploads\/2024\/07\/hotel-bois-arlon_4-restaurant-la-chenaie.jpg\",\"contentUrl\":\"https:\/\/boisdarlon.be\/wp-content\/uploads\/2024\/07\/hotel-bois-arlon_4-restaurant-la-chenaie.jpg\",\"width\":1920,\"height\":1281},{\"@type\":\"BreadcrumbList\",\"@id\":\"https:\/\/boisdarlon.be\/de\/restaurant\/#breadcrumb\",\"itemListElement\":[{\"@type\":\"ListItem\",\"position\":1,\"name\":\"Home\",\"item\":\"https:\/\/boisdarlon.be\/de\/\"},{\"@type\":\"ListItem\",\"position\":2,\"name\":\"Restaurant &#038; Bar\"}]},{\"@type\":\"WebSite\",\"@id\":\"https:\/\/boisdarlon.be\/de\/#website\",\"url\":\"https:\/\/boisdarlon.be\/de\/\",\"name\":\"Domaine du Bois d'Arlon\",\"description\":\"Domaine du Bois d&#039;Arlon\",\"publisher\":{\"@id\":\"https:\/\/boisdarlon.be\/de\/#organization\"},\"potentialAction\":[{\"@type\":\"SearchAction\",\"target\":{\"@type\":\"EntryPoint\",\"urlTemplate\":\"https:\/\/boisdarlon.be\/de\/?s={search_term_string}\"},\"query-input\":\"required name=search_term_string\"}],\"inLanguage\":\"de\"},{\"@type\":\"Organization\",\"@id\":\"https:\/\/boisdarlon.be\/de\/#organization\",\"name\":\"Domaine du Bois d'Arlon\",\"url\":\"https:\/\/boisdarlon.be\/de\/\",\"logo\":{\"@type\":\"ImageObject\",\"inLanguage\":\"de\",\"@id\":\"https:\/\/boisdarlon.be\/de\/#\/schema\/logo\/image\/\",\"url\":\"https:\/\/boisdarlon.be\/wp-content\/uploads\/2024\/06\/LOGO.svg\",\"contentUrl\":\"https:\/\/boisdarlon.be\/wp-content\/uploads\/2024\/06\/LOGO.svg\",\"width\":206,\"height\":70,\"caption\":\"Domaine du Bois d'Arlon\"},\"image\":{\"@id\":\"https:\/\/boisdarlon.be\/de\/#\/schema\/logo\/image\/\"},\"sameAs\":[\"https:\/\/www.facebook.com\/domaineboisdarlon\/\",\"https:\/\/www.linkedin.com\/company\/boisdarlon\",\"https:\/\/www.instagram.com\/domaineduboisdarlon\/\"]}]}<\/script>\n<!-- \/ Yoast SEO plugin. -->","yoast_head_json":{"title":"Brasserie G - Bois d'Arlon","description":"Site officiel du restaurant implant\u00e9 au sein de l'h\u00f4tel du Bois d'Arlon, la Brasserie G et ouvert \u00e0 tous. D\u00e9couvrez le menu propos\u00e9 par notre chef.","robots":{"index":"index","follow":"follow","max-snippet":"max-snippet:-1","max-image-preview":"max-image-preview:large","max-video-preview":"max-video-preview:-1"},"canonical":"https:\/\/boisdarlon.be\/de\/restaurant\/","og_locale":"de_DE","og_type":"article","og_title":"Brasserie G - Bois d'Arlon","og_description":"Site officiel du restaurant implant\u00e9 au sein de l'h\u00f4tel du Bois d'Arlon, la Brasserie G et ouvert \u00e0 tous. D\u00e9couvrez le menu propos\u00e9 par notre chef.","og_url":"https:\/\/boisdarlon.be\/de\/restaurant\/","og_site_name":"Bois d&#039;arlon","article_publisher":"https:\/\/www.facebook.com\/domaineboisdarlon\/","article_modified_time":"2026-03-30T09:57:09+00:00","og_image":[{"width":1920,"height":1281,"url":"https:\/\/boisdarlon.be\/wp-content\/uploads\/2024\/07\/hotel-bois-arlon_4-restaurant-la-chenaie.jpg","type":"image\/jpeg"}],"twitter_card":"summary_large_image","twitter_misc":{"Est. reading time":"1\u00a0Minute"},"schema":{"@context":"https:\/\/schema.org","@graph":[{"@type":"WebPage","@id":"https:\/\/boisdarlon.be\/de\/restaurant\/","url":"https:\/\/boisdarlon.be\/de\/restaurant\/","name":"Brasserie G - Bois d'Arlon","isPartOf":{"@id":"https:\/\/boisdarlon.be\/de\/#website"},"primaryImageOfPage":{"@id":"https:\/\/boisdarlon.be\/de\/restaurant\/#primaryimage"},"image":{"@id":"https:\/\/boisdarlon.be\/restaurant\/#primaryimage"},"thumbnailUrl":"https:\/\/boisdarlon.be\/wp-content\/uploads\/2024\/07\/hotel-bois-arlon_4-restaurant-la-chenaie.jpg","datePublished":"2024-04-29T07:44:02+00:00","dateModified":"2026-03-30T09:57:09+00:00","description":"Site officiel du restaurant implant\u00e9 au sein de l'h\u00f4tel du Bois d'Arlon, la Brasserie G et ouvert \u00e0 tous. D\u00e9couvrez le menu propos\u00e9 par notre chef.","breadcrumb":{"@id":"https:\/\/boisdarlon.be\/de\/restaurant\/#breadcrumb"},"inLanguage":"de","potentialAction":[{"@type":"ReadAction","target":[["https:\/\/boisdarlon.be\/de\/restaurant\/"]]}]},{"@type":"ImageObject","inLanguage":"de","@id":"https:\/\/boisdarlon.be\/de\/restaurant\/#primaryimage","url":"https:\/\/boisdarlon.be\/wp-content\/uploads\/2024\/07\/hotel-bois-arlon_4-restaurant-la-chenaie.jpg","contentUrl":"https:\/\/boisdarlon.be\/wp-content\/uploads\/2024\/07\/hotel-bois-arlon_4-restaurant-la-chenaie.jpg","width":1920,"height":1281},{"@type":"BreadcrumbList","@id":"https:\/\/boisdarlon.be\/de\/restaurant\/#breadcrumb","itemListElement":[{"@type":"ListItem","position":1,"name":"Home","item":"https:\/\/boisdarlon.be\/de\/"},{"@type":"ListItem","position":2,"name":"Restaurant &#038; Bar"}]},{"@type":"WebSite","@id":"https:\/\/boisdarlon.be\/de\/#website","url":"https:\/\/boisdarlon.be\/de\/","name":"Domaine du Bois d'Arlon","description":"Domaine du Bois d&#039;Arlon","publisher":{"@id":"https:\/\/boisdarlon.be\/de\/#organization"},"potentialAction":[{"@type":"SearchAction","target":{"@type":"EntryPoint","urlTemplate":"https:\/\/boisdarlon.be\/de\/?s={search_term_string}"},"query-input":"required name=search_term_string"}],"inLanguage":"de"},{"@type":"Organization","@id":"https:\/\/boisdarlon.be\/de\/#organization","name":"Domaine du Bois d'Arlon","url":"https:\/\/boisdarlon.be\/de\/","logo":{"@type":"ImageObject","inLanguage":"de","@id":"https:\/\/boisdarlon.be\/de\/#\/schema\/logo\/image\/","url":"https:\/\/boisdarlon.be\/wp-content\/uploads\/2024\/06\/LOGO.svg","contentUrl":"https:\/\/boisdarlon.be\/wp-content\/uploads\/2024\/06\/LOGO.svg","width":206,"height":70,"caption":"Domaine du Bois d'Arlon"},"image":{"@id":"https:\/\/boisdarlon.be\/de\/#\/schema\/logo\/image\/"},"sameAs":["https:\/\/www.facebook.com\/domaineboisdarlon\/","https:\/\/www.linkedin.com\/company\/boisdarlon","https:\/\/www.instagram.com\/domaineduboisdarlon\/"]}]}},"_links":{"self":[{"href":"https:\/\/boisdarlon.be\/de\/wp-json\/wp\/v2\/pages\/17"}],"collection":[{"href":"https:\/\/boisdarlon.be\/de\/wp-json\/wp\/v2\/pages"}],"about":[{"href":"https:\/\/boisdarlon.be\/de\/wp-json\/wp\/v2\/types\/page"}],"author":[{"embeddable":true,"href":"https:\/\/boisdarlon.be\/de\/wp-json\/wp\/v2\/users\/1"}],"replies":[{"embeddable":true,"href":"https:\/\/boisdarlon.be\/de\/wp-json\/wp\/v2\/comments?post=17"}],"version-history":[{"count":10,"href":"https:\/\/boisdarlon.be\/de\/wp-json\/wp\/v2\/pages\/17\/revisions"}],"predecessor-version":[{"id":1949,"href":"https:\/\/boisdarlon.be\/de\/wp-json\/wp\/v2\/pages\/17\/revisions\/1949"}],"wp:featuredmedia":[{"embeddable":true,"href":"https:\/\/boisdarlon.be\/de\/wp-json\/wp\/v2\/media\/1184"}],"wp:attachment":[{"href":"https:\/\/boisdarlon.be\/de\/wp-json\/wp\/v2\/media?parent=17"}],"curies":[{"name":"wp","href":"https:\/\/api.w.org\/{rel}","templated":true}]}}