{"id":11,"date":"2024-03-27T14:28:38","date_gmt":"2024-03-27T13:28:38","guid":{"rendered":"http:\/\/local.boisdarlon.be:8888\/?page_id=11"},"modified":"2025-05-09T13:45:40","modified_gmt":"2025-05-09T11:45:40","slug":"accueil","status":"publish","type":"page","link":"https:\/\/boisdarlon.be\/de\/","title":{"rendered":"Accueil"},"content":{"rendered":"","protected":false},"excerpt":{"rendered":"","protected":false},"author":1,"featured_media":0,"parent":0,"menu_order":0,"comment_status":"closed","ping_status":"closed","template":"frontpage.php","meta":{"_acf_changed":false,"footnotes":""},"acf":[],"yoast_head":"<!-- This site is optimized with the Yoast SEO plugin v22.9 - https:\/\/yoast.com\/wordpress\/plugins\/seo\/ -->\n<title>Bois d&#039;Arlon Golf &amp; Resort<\/title>\n<meta name=\"description\" content=\"Bois d&#039;Arlon Das Ch\u00e2teau du Bois d&#039;Arlon wurde renoviert und ist bereit, G\u00e4ste f\u00fcr private und pers\u00f6nliche Veranstaltungen zu empfangen.\" \/>\n<meta name=\"robots\" content=\"index, follow, max-snippet:-1, max-image-preview:large, max-video-preview:-1\" \/>\n<link rel=\"canonical\" href=\"https:\/\/boisdarlon.be\/de\/\" \/>\n<meta property=\"og:locale\" content=\"de_DE\" \/>\n<meta property=\"og:type\" content=\"article\" \/>\n<meta property=\"og:title\" content=\"Bois d&#039;Arlon Golf &amp; Resort\" \/>\n<meta property=\"og:description\" content=\"Bois d&#039;Arlon Das Ch\u00e2teau du Bois d&#039;Arlon wurde renoviert und ist bereit, G\u00e4ste f\u00fcr private und pers\u00f6nliche Veranstaltungen zu empfangen.\" \/>\n<meta property=\"og:url\" content=\"https:\/\/boisdarlon.be\/de\/\" \/>\n<meta property=\"og:site_name\" content=\"Bois d&#039;arlon\" \/>\n<meta property=\"article:publisher\" content=\"https:\/\/www.facebook.com\/domaineboisdarlon\/\" \/>\n<meta property=\"article:modified_time\" content=\"2025-05-09T11:45:40+00:00\" \/>\n<meta name=\"twitter:card\" content=\"summary_large_image\" \/>\n<script type=\"application\/ld+json\" class=\"yoast-schema-graph\">{\"@context\":\"https:\/\/schema.org\",\"@graph\":[{\"@type\":\"WebPage\",\"@id\":\"https:\/\/boisdarlon.be\/de\/\",\"url\":\"https:\/\/boisdarlon.be\/de\/\",\"name\":\"Bois d'Arlon Golf & Resort\",\"isPartOf\":{\"@id\":\"https:\/\/boisdarlon.be\/de\/#website\"},\"datePublished\":\"2024-03-27T13:28:38+00:00\",\"dateModified\":\"2025-05-09T11:45:40+00:00\",\"description\":\"Bois d'Arlon Das Ch\u00e2teau du Bois d'Arlon wurde renoviert und ist bereit, G\u00e4ste f\u00fcr private und pers\u00f6nliche Veranstaltungen zu empfangen.\",\"breadcrumb\":{\"@id\":\"https:\/\/boisdarlon.be\/de\/#breadcrumb\"},\"inLanguage\":\"de\",\"potentialAction\":[{\"@type\":\"ReadAction\",\"target\":[[\"https:\/\/boisdarlon.be\/de\/\"]]}]},{\"@type\":\"BreadcrumbList\",\"@id\":\"https:\/\/boisdarlon.be\/de\/#breadcrumb\",\"itemListElement\":[{\"@type\":\"ListItem\",\"position\":1,\"name\":\"Home\",\"item\":\"https:\/\/boisdarlon.be\/de\/\"},{\"@type\":\"ListItem\",\"position\":2,\"name\":\"Accueil\"}]},{\"@type\":\"WebSite\",\"@id\":\"https:\/\/boisdarlon.be\/de\/#website\",\"url\":\"https:\/\/boisdarlon.be\/de\/\",\"name\":\"Domaine du Bois d'Arlon\",\"description\":\"Domaine du Bois d&#039;Arlon\",\"publisher\":{\"@id\":\"https:\/\/boisdarlon.be\/de\/#organization\"},\"potentialAction\":[{\"@type\":\"SearchAction\",\"target\":{\"@type\":\"EntryPoint\",\"urlTemplate\":\"https:\/\/boisdarlon.be\/de\/?s={search_term_string}\"},\"query-input\":\"required name=search_term_string\"}],\"inLanguage\":\"de\"},{\"@type\":\"Organization\",\"@id\":\"https:\/\/boisdarlon.be\/de\/#organization\",\"name\":\"Domaine du Bois d'Arlon\",\"url\":\"https:\/\/boisdarlon.be\/de\/\",\"logo\":{\"@type\":\"ImageObject\",\"inLanguage\":\"de\",\"@id\":\"https:\/\/boisdarlon.be\/de\/#\/schema\/logo\/image\/\",\"url\":\"https:\/\/boisdarlon.be\/wp-content\/uploads\/2024\/06\/LOGO.svg\",\"contentUrl\":\"https:\/\/boisdarlon.be\/wp-content\/uploads\/2024\/06\/LOGO.svg\",\"width\":206,\"height\":70,\"caption\":\"Domaine du Bois d'Arlon\"},\"image\":{\"@id\":\"https:\/\/boisdarlon.be\/de\/#\/schema\/logo\/image\/\"},\"sameAs\":[\"https:\/\/www.facebook.com\/domaineboisdarlon\/\",\"https:\/\/www.linkedin.com\/company\/boisdarlon\",\"https:\/\/www.instagram.com\/domaineduboisdarlon\/\"]}]}<\/script>\n<!-- \/ Yoast SEO plugin. -->","yoast_head_json":{"title":"Bois d'Arlon Golf & Resort","description":"Bois d'Arlon Das Ch\u00e2teau du Bois d'Arlon wurde renoviert und ist bereit, G\u00e4ste f\u00fcr private und pers\u00f6nliche Veranstaltungen zu empfangen.","robots":{"index":"index","follow":"follow","max-snippet":"max-snippet:-1","max-image-preview":"max-image-preview:large","max-video-preview":"max-video-preview:-1"},"canonical":"https:\/\/boisdarlon.be\/de\/","og_locale":"de_DE","og_type":"article","og_title":"Bois d'Arlon Golf & Resort","og_description":"Bois d'Arlon Das Ch\u00e2teau du Bois d'Arlon wurde renoviert und ist bereit, G\u00e4ste f\u00fcr private und pers\u00f6nliche Veranstaltungen zu empfangen.","og_url":"https:\/\/boisdarlon.be\/de\/","og_site_name":"Bois d&#039;arlon","article_publisher":"https:\/\/www.facebook.com\/domaineboisdarlon\/","article_modified_time":"2025-05-09T11:45:40+00:00","twitter_card":"summary_large_image","schema":{"@context":"https:\/\/schema.org","@graph":[{"@type":"WebPage","@id":"https:\/\/boisdarlon.be\/de\/","url":"https:\/\/boisdarlon.be\/de\/","name":"Bois d'Arlon Golf & Resort","isPartOf":{"@id":"https:\/\/boisdarlon.be\/de\/#website"},"datePublished":"2024-03-27T13:28:38+00:00","dateModified":"2025-05-09T11:45:40+00:00","description":"Bois d'Arlon Das Ch\u00e2teau du Bois d'Arlon wurde renoviert und ist bereit, G\u00e4ste f\u00fcr private und pers\u00f6nliche Veranstaltungen zu empfangen.","breadcrumb":{"@id":"https:\/\/boisdarlon.be\/de\/#breadcrumb"},"inLanguage":"de","potentialAction":[{"@type":"ReadAction","target":[["https:\/\/boisdarlon.be\/de\/"]]}]},{"@type":"BreadcrumbList","@id":"https:\/\/boisdarlon.be\/de\/#breadcrumb","itemListElement":[{"@type":"ListItem","position":1,"name":"Home","item":"https:\/\/boisdarlon.be\/de\/"},{"@type":"ListItem","position":2,"name":"Accueil"}]},{"@type":"WebSite","@id":"https:\/\/boisdarlon.be\/de\/#website","url":"https:\/\/boisdarlon.be\/de\/","name":"Domaine du Bois d'Arlon","description":"Domaine du Bois d&#039;Arlon","publisher":{"@id":"https:\/\/boisdarlon.be\/de\/#organization"},"potentialAction":[{"@type":"SearchAction","target":{"@type":"EntryPoint","urlTemplate":"https:\/\/boisdarlon.be\/de\/?s={search_term_string}"},"query-input":"required name=search_term_string"}],"inLanguage":"de"},{"@type":"Organization","@id":"https:\/\/boisdarlon.be\/de\/#organization","name":"Domaine du Bois d'Arlon","url":"https:\/\/boisdarlon.be\/de\/","logo":{"@type":"ImageObject","inLanguage":"de","@id":"https:\/\/boisdarlon.be\/de\/#\/schema\/logo\/image\/","url":"https:\/\/boisdarlon.be\/wp-content\/uploads\/2024\/06\/LOGO.svg","contentUrl":"https:\/\/boisdarlon.be\/wp-content\/uploads\/2024\/06\/LOGO.svg","width":206,"height":70,"caption":"Domaine du Bois d'Arlon"},"image":{"@id":"https:\/\/boisdarlon.be\/de\/#\/schema\/logo\/image\/"},"sameAs":["https:\/\/www.facebook.com\/domaineboisdarlon\/","https:\/\/www.linkedin.com\/company\/boisdarlon","https:\/\/www.instagram.com\/domaineduboisdarlon\/"]}]}},"_links":{"self":[{"href":"https:\/\/boisdarlon.be\/de\/wp-json\/wp\/v2\/pages\/11"}],"collection":[{"href":"https:\/\/boisdarlon.be\/de\/wp-json\/wp\/v2\/pages"}],"about":[{"href":"https:\/\/boisdarlon.be\/de\/wp-json\/wp\/v2\/types\/page"}],"author":[{"embeddable":true,"href":"https:\/\/boisdarlon.be\/de\/wp-json\/wp\/v2\/users\/1"}],"replies":[{"embeddable":true,"href":"https:\/\/boisdarlon.be\/de\/wp-json\/wp\/v2\/comments?post=11"}],"version-history":[{"count":10,"href":"https:\/\/boisdarlon.be\/de\/wp-json\/wp\/v2\/pages\/11\/revisions"}],"predecessor-version":[{"id":1773,"href":"https:\/\/boisdarlon.be\/de\/wp-json\/wp\/v2\/pages\/11\/revisions\/1773"}],"wp:attachment":[{"href":"https:\/\/boisdarlon.be\/de\/wp-json\/wp\/v2\/media?parent=11"}],"curies":[{"name":"wp","href":"https:\/\/api.w.org\/{rel}","templated":true}]}}